{"id":3826,"date":"2024-12-26T13:04:32","date_gmt":"2024-12-26T13:04:32","guid":{"rendered":"https:\/\/fiamma.restaurant\/la-nostra-storia\/"},"modified":"2025-12-24T14:51:57","modified_gmt":"2025-12-24T14:51:57","slug":"la-nostra-storia","status":"publish","type":"page","link":"https:\/\/fiamma.restaurant\/it\/la-nostra-storia\/","title":{"rendered":"Chi Siamo"},"content":{"rendered":"\t\t<div data-elementor-type=\"wp-page\" data-elementor-id=\"3826\" class=\"elementor elementor-3826 elementor-2371\" data-elementor-post-type=\"page\">\n\t\t\t\t<div class=\"elementor-element elementor-element-bf65ec6 e-con-full e-flex e-con e-parent\" data-id=\"bf65ec6\" data-element_type=\"container\" data-e-type=\"container\" data-settings=\"{&quot;background_background&quot;:&quot;classic&quot;}\">\n\t\t<div class=\"elementor-element elementor-element-6ef2922 e-flex e-con-boxed e-con e-child\" data-id=\"6ef2922\" data-element_type=\"container\" data-e-type=\"container\">\n\t\t\t\t\t<div class=\"e-con-inner\">\n\t\t\t\t<div class=\"elementor-element elementor-element-386325d elementor-widget elementor-widget-heading\" data-id=\"386325d\" data-element_type=\"widget\" data-e-type=\"widget\" data-widget_type=\"heading.default\">\n\t\t\t\t<div class=\"elementor-widget-container\">\n\t\t\t\t\t<h1 class=\"elementor-heading-title elementor-size-default\">La Nostra Storia<\/h1>\t\t\t\t<\/div>\n\t\t\t\t<\/div>\n\t\t\t\t\t<\/div>\n\t\t\t\t<\/div>\n\t\t\t\t<div class=\"elementor-element elementor-element-2af1f2f elementor-widget elementor-widget-heading\" data-id=\"2af1f2f\" data-element_type=\"widget\" data-e-type=\"widget\" data-widget_type=\"heading.default\">\n\t\t\t\t<div class=\"elementor-widget-container\">\n\t\t\t\t\t<h2 class=\"elementor-heading-title elementor-size-default\">Ristorante Fiamma<\/h2>\t\t\t\t<\/div>\n\t\t\t\t<\/div>\n\t\t<div class=\"elementor-element elementor-element-952b9ba e-con-full e-flex e-con e-child\" data-id=\"952b9ba\" data-element_type=\"container\" data-e-type=\"container\">\n\t\t\t\t<div class=\"elementor-element elementor-element-09c551c elementor-widget elementor-widget-button\" data-id=\"09c551c\" data-element_type=\"widget\" data-e-type=\"widget\" data-widget_type=\"button.default\">\n\t\t\t\t<div class=\"elementor-widget-container\">\n\t\t\t\t\t\t\t\t\t<div class=\"elementor-button-wrapper\">\n\t\t\t\t\t<a class=\"elementor-button elementor-button-link elementor-size-sm\" href=\"https:\/\/octotable.com\/book\/restaurant\/1001070\/booking\/new\" aria-label=\"Reservar mesa\">\n\t\t\t\t\t\t<span class=\"elementor-button-content-wrapper\">\n\t\t\t\t\t\t\t\t\t<span class=\"elementor-button-text\">Prenota Ora<\/span>\n\t\t\t\t\t<\/span>\n\t\t\t\t\t<\/a>\n\t\t\t\t<\/div>\n\t\t\t\t\t\t\t\t<\/div>\n\t\t\t\t<\/div>\n\t\t\t\t<div class=\"elementor-element elementor-element-b01dda5 elementor-widget elementor-widget-button\" data-id=\"b01dda5\" data-element_type=\"widget\" data-e-type=\"widget\" data-widget_type=\"button.default\">\n\t\t\t\t<div class=\"elementor-widget-container\">\n\t\t\t\t\t\t\t\t\t<div class=\"elementor-button-wrapper\">\n\t\t\t\t\t<a class=\"elementor-button elementor-button-link elementor-size-sm\" href=\"https:\/\/fiamma.restaurant\/it\/menu\/\" aria-label=\"Leer m\u00e1s sobre el men\u00fa\">\n\t\t\t\t\t\t<span class=\"elementor-button-content-wrapper\">\n\t\t\t\t\t\t\t\t\t<span class=\"elementor-button-text\">Visualizza Menu<\/span>\n\t\t\t\t\t<\/span>\n\t\t\t\t\t<\/a>\n\t\t\t\t<\/div>\n\t\t\t\t\t\t\t\t<\/div>\n\t\t\t\t<\/div>\n\t\t\t\t<\/div>\n\t\t\t\t<\/div>\n\t\t<div class=\"elementor-element elementor-element-9cc1904 e-con-full e-flex e-con e-parent\" data-id=\"9cc1904\" data-element_type=\"container\" data-e-type=\"container\">\n\t\t<div class=\"elementor-element elementor-element-5ce6527 e-con-full e-flex e-con e-child\" data-id=\"5ce6527\" data-element_type=\"container\" data-e-type=\"container\">\n\t\t\t\t<div class=\"elementor-element elementor-element-015e06e elementor-widget elementor-widget-text-editor\" data-id=\"015e06e\" data-element_type=\"widget\" data-e-type=\"widget\" data-widget_type=\"text-editor.default\">\n\t\t\t\t<div class=\"elementor-widget-container\">\n\t\t\t\t\t\t\t\t\t<p>mmaginate un luogo dove il vibrante battito di Costa Adeje -Las Am\u00e9ricas si fonde con le ricche tradizioni della cucina italiana e lo stile cosmopolita dei cocktail londinesi. Immerso nel cuore di questa dinamica localit\u00e0, il nostro ristorante vi invita a un viaggio sensoriale senza eguali. Qui, sotto il caldo sole di Tenerife e in mezzo all&#8217;energia vivace della nostra posizione privilegiata, vi offriamo un&#8217;esperienza gastronomica.<\/p><p>Nel vibrante battito di Costa Adeje-Las Am\u00e9ricas, dove le coste bagnate dal sole incontrano il vivace cuore di Tenerife, si trova una gemma culinaria che promette pi\u00f9 di un semplice pasto: offre un&#8217;esperienza indimenticabile. Situato nell&#8217;angolo pi\u00f9 dinamico di questa vivace citt\u00e0, il nostro ristorante vi attira con un&#8217;atmosfera che mescola senza sforzo il fascino dell&#8217;Italia con lo stile cosmopolita di Londra.<\/p><p>Nel nostro ristorante, abbracciamo l&#8217;arte del cibo lento, assaporando il tempo necessario per preparare ogni piatto con amore e attenzione. Il nostro menu \u00e8 una celebrazione del meglio d&#8217;Italia, con ingredienti coltivati sulle assolate colline della Toscana e oltre. Li abbiniamo a cocktail squisiti, ognuno con la sua storia, ispirati alle migliori tradizioni mixologiche di Londra. Qui non serviamo solo cibo: condividiamo esperienze, un pezzo di vita che non ha eguali in nessun altro luogo.<\/p>\t\t\t\t\t\t\t\t<\/div>\n\t\t\t\t<\/div>\n\t\t\t\t<\/div>\n\t\t\t\t<\/div>\n\t\t\t\t<\/div>\n\t\t","protected":false},"excerpt":{"rendered":"<p>La Nostra Storia Ristorante Fiamma Prenota Ora Visualizza Menu mmaginate un luogo dove il vibrante battito di Costa Adeje -Las Am\u00e9ricas si fonde con le ricche tradizioni della cucina italiana e lo stile cosmopolita dei cocktail londinesi. Immerso nel cuore di questa dinamica localit\u00e0, il nostro ristorante vi invita a un viaggio sensoriale senza eguali. [&hellip;]<\/p>\n","protected":false},"author":1,"featured_media":3747,"parent":0,"menu_order":0,"comment_status":"closed","ping_status":"closed","template":"","meta":{"footnotes":""},"class_list":["post-3826","page","type-page","status-publish","has-post-thumbnail","hentry"],"yoast_head":"<!-- This site is optimized with the Yoast SEO plugin v27.2 - https:\/\/yoast.com\/product\/yoast-seo-wordpress\/ -->\n<title>Chi Siamo - Fiamma Restaurant, Tenerife<\/title>\n<meta name=\"description\" content=\"Vivi un&#039;esperienza unica a Costa Adeje-Las Am\u00e9ricas: cucina italiana autentica, cocktail d&#039;autore e un&#039;atmosfera cosmopolita a Tenerife.\" \/>\n<meta name=\"robots\" content=\"index, follow, max-snippet:-1, max-image-preview:large, max-video-preview:-1\" \/>\n<link rel=\"canonical\" href=\"https:\/\/fiamma.restaurant\/it\/la-nostra-storia\/\" \/>\n<meta property=\"og:locale\" content=\"it_IT\" \/>\n<meta property=\"og:type\" content=\"article\" \/>\n<meta property=\"og:title\" content=\"Chi Siamo - Fiamma Restaurant, Tenerife\" \/>\n<meta property=\"og:description\" content=\"Vivi un&#039;esperienza unica a Costa Adeje-Las Am\u00e9ricas: cucina italiana autentica, cocktail d&#039;autore e un&#039;atmosfera cosmopolita a Tenerife.\" \/>\n<meta property=\"og:url\" content=\"https:\/\/fiamma.restaurant\/it\/la-nostra-storia\/\" \/>\n<meta property=\"og:site_name\" content=\"Fiamma Restaurant, Tenerife\" \/>\n<meta property=\"article:publisher\" content=\"https:\/\/www.facebook.com\/fiamma.tenerife.3\/?locale=es_ES\" \/>\n<meta property=\"article:modified_time\" content=\"2025-12-24T14:51:57+00:00\" \/>\n<meta property=\"og:image\" content=\"https:\/\/fiamma.restaurant\/wp-content\/uploads\/2024\/12\/pexels-shvetsa-5953531.jpg\" \/>\n\t<meta property=\"og:image:width\" content=\"802\" \/>\n\t<meta property=\"og:image:height\" content=\"506\" \/>\n\t<meta property=\"og:image:type\" content=\"image\/jpeg\" \/>\n<meta name=\"twitter:card\" content=\"summary_large_image\" \/>\n<meta name=\"twitter:label1\" content=\"Tempo di lettura stimato\" \/>\n\t<meta name=\"twitter:data1\" content=\"1 minuto\" \/>\n<script type=\"application\/ld+json\" class=\"yoast-schema-graph\">{\"@context\":\"https:\/\/schema.org\",\"@graph\":[{\"@type\":\"WebPage\",\"@id\":\"https:\/\/fiamma.restaurant\/it\/la-nostra-storia\/\",\"url\":\"https:\/\/fiamma.restaurant\/it\/la-nostra-storia\/\",\"name\":\"Chi Siamo - Fiamma Restaurant, Tenerife\",\"isPartOf\":{\"@id\":\"https:\/\/fiamma.restaurant\/it\/#website\"},\"primaryImageOfPage\":{\"@id\":\"https:\/\/fiamma.restaurant\/it\/la-nostra-storia\/#primaryimage\"},\"image\":{\"@id\":\"https:\/\/fiamma.restaurant\/it\/la-nostra-storia\/#primaryimage\"},\"thumbnailUrl\":\"https:\/\/fiamma.restaurant\/wp-content\/uploads\/2024\/12\/pexels-shvetsa-5953531.jpg\",\"datePublished\":\"2024-12-26T13:04:32+00:00\",\"dateModified\":\"2025-12-24T14:51:57+00:00\",\"description\":\"Vivi un'esperienza unica a Costa Adeje-Las Am\u00e9ricas: cucina italiana autentica, cocktail d'autore e un'atmosfera cosmopolita a Tenerife.\",\"breadcrumb\":{\"@id\":\"https:\/\/fiamma.restaurant\/it\/la-nostra-storia\/#breadcrumb\"},\"inLanguage\":\"it-IT\",\"potentialAction\":[{\"@type\":\"ReadAction\",\"target\":[\"https:\/\/fiamma.restaurant\/it\/la-nostra-storia\/\"]}]},{\"@type\":\"ImageObject\",\"inLanguage\":\"it-IT\",\"@id\":\"https:\/\/fiamma.restaurant\/it\/la-nostra-storia\/#primaryimage\",\"url\":\"https:\/\/fiamma.restaurant\/wp-content\/uploads\/2024\/12\/pexels-shvetsa-5953531.jpg\",\"contentUrl\":\"https:\/\/fiamma.restaurant\/wp-content\/uploads\/2024\/12\/pexels-shvetsa-5953531.jpg\",\"width\":802,\"height\":506},{\"@type\":\"BreadcrumbList\",\"@id\":\"https:\/\/fiamma.restaurant\/it\/la-nostra-storia\/#breadcrumb\",\"itemListElement\":[{\"@type\":\"ListItem\",\"position\":1,\"name\":\"Portada\",\"item\":\"https:\/\/fiamma.restaurant\/it\/\"},{\"@type\":\"ListItem\",\"position\":2,\"name\":\"Chi Siamo\"}]},{\"@type\":\"WebSite\",\"@id\":\"https:\/\/fiamma.restaurant\/it\/#website\",\"url\":\"https:\/\/fiamma.restaurant\/it\/\",\"name\":\"Fiamma Pizzeria & Cocktail Club\",\"description\":\"Descubre Fiamma, tu restaurante italiano en Playa Las Am\u00e9ricas. Disfruta de la aut\u00e9ntica cocina italiana acompa\u00f1ado de hermosas vistas y un ambiente acogedor. \u00a1Reserva hoy y vive una experiencia gastron\u00f3mica inolvidable!\",\"publisher\":{\"@id\":\"https:\/\/fiamma.restaurant\/it\/#organization\"},\"potentialAction\":[{\"@type\":\"SearchAction\",\"target\":{\"@type\":\"EntryPoint\",\"urlTemplate\":\"https:\/\/fiamma.restaurant\/it\/?s={search_term_string}\"},\"query-input\":{\"@type\":\"PropertyValueSpecification\",\"valueRequired\":true,\"valueName\":\"search_term_string\"}}],\"inLanguage\":\"it-IT\"},{\"@type\":\"Organization\",\"@id\":\"https:\/\/fiamma.restaurant\/it\/#organization\",\"name\":\"Fiamma Pizzeria & Cocktail Club\",\"url\":\"https:\/\/fiamma.restaurant\/it\/\",\"logo\":{\"@type\":\"ImageObject\",\"inLanguage\":\"it-IT\",\"@id\":\"https:\/\/fiamma.restaurant\/it\/#\/schema\/logo\/image\/\",\"url\":\"https:\/\/fiamma.restaurant\/wp-content\/uploads\/2025\/06\/logo-fiamma.webp\",\"contentUrl\":\"https:\/\/fiamma.restaurant\/wp-content\/uploads\/2025\/06\/logo-fiamma.webp\",\"width\":1000,\"height\":261,\"caption\":\"Fiamma Pizzeria & Cocktail Club\"},\"image\":{\"@id\":\"https:\/\/fiamma.restaurant\/it\/#\/schema\/logo\/image\/\"},\"sameAs\":[\"https:\/\/www.facebook.com\/fiamma.tenerife.3\/?locale=es_ES\",\"https:\/\/www.instagram.com\/fiamma_restaurant\/\"]}]}<\/script>\n<!-- \/ Yoast SEO plugin. -->","yoast_head_json":{"title":"Chi Siamo - Fiamma Restaurant, Tenerife","description":"Vivi un'esperienza unica a Costa Adeje-Las Am\u00e9ricas: cucina italiana autentica, cocktail d'autore e un'atmosfera cosmopolita a Tenerife.","robots":{"index":"index","follow":"follow","max-snippet":"max-snippet:-1","max-image-preview":"max-image-preview:large","max-video-preview":"max-video-preview:-1"},"canonical":"https:\/\/fiamma.restaurant\/it\/la-nostra-storia\/","og_locale":"it_IT","og_type":"article","og_title":"Chi Siamo - Fiamma Restaurant, Tenerife","og_description":"Vivi un'esperienza unica a Costa Adeje-Las Am\u00e9ricas: cucina italiana autentica, cocktail d'autore e un'atmosfera cosmopolita a Tenerife.","og_url":"https:\/\/fiamma.restaurant\/it\/la-nostra-storia\/","og_site_name":"Fiamma Restaurant, Tenerife","article_publisher":"https:\/\/www.facebook.com\/fiamma.tenerife.3\/?locale=es_ES","article_modified_time":"2025-12-24T14:51:57+00:00","og_image":[{"width":802,"height":506,"url":"https:\/\/fiamma.restaurant\/wp-content\/uploads\/2024\/12\/pexels-shvetsa-5953531.jpg","type":"image\/jpeg"}],"twitter_card":"summary_large_image","twitter_misc":{"Tempo di lettura stimato":"1 minuto"},"schema":{"@context":"https:\/\/schema.org","@graph":[{"@type":"WebPage","@id":"https:\/\/fiamma.restaurant\/it\/la-nostra-storia\/","url":"https:\/\/fiamma.restaurant\/it\/la-nostra-storia\/","name":"Chi Siamo - Fiamma Restaurant, Tenerife","isPartOf":{"@id":"https:\/\/fiamma.restaurant\/it\/#website"},"primaryImageOfPage":{"@id":"https:\/\/fiamma.restaurant\/it\/la-nostra-storia\/#primaryimage"},"image":{"@id":"https:\/\/fiamma.restaurant\/it\/la-nostra-storia\/#primaryimage"},"thumbnailUrl":"https:\/\/fiamma.restaurant\/wp-content\/uploads\/2024\/12\/pexels-shvetsa-5953531.jpg","datePublished":"2024-12-26T13:04:32+00:00","dateModified":"2025-12-24T14:51:57+00:00","description":"Vivi un'esperienza unica a Costa Adeje-Las Am\u00e9ricas: cucina italiana autentica, cocktail d'autore e un'atmosfera cosmopolita a Tenerife.","breadcrumb":{"@id":"https:\/\/fiamma.restaurant\/it\/la-nostra-storia\/#breadcrumb"},"inLanguage":"it-IT","potentialAction":[{"@type":"ReadAction","target":["https:\/\/fiamma.restaurant\/it\/la-nostra-storia\/"]}]},{"@type":"ImageObject","inLanguage":"it-IT","@id":"https:\/\/fiamma.restaurant\/it\/la-nostra-storia\/#primaryimage","url":"https:\/\/fiamma.restaurant\/wp-content\/uploads\/2024\/12\/pexels-shvetsa-5953531.jpg","contentUrl":"https:\/\/fiamma.restaurant\/wp-content\/uploads\/2024\/12\/pexels-shvetsa-5953531.jpg","width":802,"height":506},{"@type":"BreadcrumbList","@id":"https:\/\/fiamma.restaurant\/it\/la-nostra-storia\/#breadcrumb","itemListElement":[{"@type":"ListItem","position":1,"name":"Portada","item":"https:\/\/fiamma.restaurant\/it\/"},{"@type":"ListItem","position":2,"name":"Chi Siamo"}]},{"@type":"WebSite","@id":"https:\/\/fiamma.restaurant\/it\/#website","url":"https:\/\/fiamma.restaurant\/it\/","name":"Fiamma Pizzeria & Cocktail Club","description":"Descubre Fiamma, tu restaurante italiano en Playa Las Am\u00e9ricas. Disfruta de la aut\u00e9ntica cocina italiana acompa\u00f1ado de hermosas vistas y un ambiente acogedor. \u00a1Reserva hoy y vive una experiencia gastron\u00f3mica inolvidable!","publisher":{"@id":"https:\/\/fiamma.restaurant\/it\/#organization"},"potentialAction":[{"@type":"SearchAction","target":{"@type":"EntryPoint","urlTemplate":"https:\/\/fiamma.restaurant\/it\/?s={search_term_string}"},"query-input":{"@type":"PropertyValueSpecification","valueRequired":true,"valueName":"search_term_string"}}],"inLanguage":"it-IT"},{"@type":"Organization","@id":"https:\/\/fiamma.restaurant\/it\/#organization","name":"Fiamma Pizzeria & Cocktail Club","url":"https:\/\/fiamma.restaurant\/it\/","logo":{"@type":"ImageObject","inLanguage":"it-IT","@id":"https:\/\/fiamma.restaurant\/it\/#\/schema\/logo\/image\/","url":"https:\/\/fiamma.restaurant\/wp-content\/uploads\/2025\/06\/logo-fiamma.webp","contentUrl":"https:\/\/fiamma.restaurant\/wp-content\/uploads\/2025\/06\/logo-fiamma.webp","width":1000,"height":261,"caption":"Fiamma Pizzeria & Cocktail Club"},"image":{"@id":"https:\/\/fiamma.restaurant\/it\/#\/schema\/logo\/image\/"},"sameAs":["https:\/\/www.facebook.com\/fiamma.tenerife.3\/?locale=es_ES","https:\/\/www.instagram.com\/fiamma_restaurant\/"]}]}},"_links":{"self":[{"href":"https:\/\/fiamma.restaurant\/it\/wp-json\/wp\/v2\/pages\/3826","targetHints":{"allow":["GET"]}}],"collection":[{"href":"https:\/\/fiamma.restaurant\/it\/wp-json\/wp\/v2\/pages"}],"about":[{"href":"https:\/\/fiamma.restaurant\/it\/wp-json\/wp\/v2\/types\/page"}],"author":[{"embeddable":true,"href":"https:\/\/fiamma.restaurant\/it\/wp-json\/wp\/v2\/users\/1"}],"replies":[{"embeddable":true,"href":"https:\/\/fiamma.restaurant\/it\/wp-json\/wp\/v2\/comments?post=3826"}],"version-history":[{"count":12,"href":"https:\/\/fiamma.restaurant\/it\/wp-json\/wp\/v2\/pages\/3826\/revisions"}],"predecessor-version":[{"id":5100,"href":"https:\/\/fiamma.restaurant\/it\/wp-json\/wp\/v2\/pages\/3826\/revisions\/5100"}],"wp:featuredmedia":[{"embeddable":true,"href":"https:\/\/fiamma.restaurant\/it\/wp-json\/wp\/v2\/media\/3747"}],"wp:attachment":[{"href":"https:\/\/fiamma.restaurant\/it\/wp-json\/wp\/v2\/media?parent=3826"}],"curies":[{"name":"wp","href":"https:\/\/api.w.org\/{rel}","templated":true}]}}