{"id":3840,"date":"2025-06-26T11:14:09","date_gmt":"2025-06-26T11:14:09","guid":{"rendered":"https:\/\/fiamma.restaurant\/book-now\/"},"modified":"2025-12-07T17:51:39","modified_gmt":"2025-12-07T17:51:39","slug":"book-now","status":"publish","type":"page","link":"https:\/\/fiamma.restaurant\/en\/book-now\/","title":{"rendered":"Book Now"},"content":{"rendered":"\t\t<div data-elementor-type=\"wp-page\" data-elementor-id=\"3840\" class=\"elementor elementor-3840 elementor-3469\" data-elementor-post-type=\"page\">\n\t\t\t\t<div class=\"elementor-element elementor-element-d7e70af e-flex e-con-boxed e-con e-parent\" data-id=\"d7e70af\" data-element_type=\"container\" data-e-type=\"container\">\n\t\t\t\t\t<div class=\"e-con-inner\">\n\t\t<div class=\"elementor-element elementor-element-a396886 e-con-full e-flex e-con e-child\" data-id=\"a396886\" data-element_type=\"container\" data-e-type=\"container\">\n\t\t\t\t<div class=\"elementor-element elementor-element-8e7f868 elementor-widget elementor-widget-heading\" data-id=\"8e7f868\" data-element_type=\"widget\" data-e-type=\"widget\" data-widget_type=\"heading.default\">\n\t\t\t\t<div class=\"elementor-widget-container\">\n\t\t\t\t\t<h1 class=\"elementor-heading-title elementor-size-default\">Book your table<\/h1>\t\t\t\t<\/div>\n\t\t\t\t<\/div>\n\t\t\t\t<div class=\"elementor-element elementor-element-132fad2 elementor-widget elementor-widget-heading\" data-id=\"132fad2\" data-element_type=\"widget\" data-e-type=\"widget\" data-widget_type=\"heading.default\">\n\t\t\t\t<div class=\"elementor-widget-container\">\n\t\t\t\t\t<h2 class=\"elementor-heading-title elementor-size-default\">Welcome to Fiamma, Italian Restaurant in Tenerife<\/h2>\t\t\t\t<\/div>\n\t\t\t\t<\/div>\n\t\t\t\t<\/div>\n\t\t\t\t\t<\/div>\n\t\t\t\t<\/div>\n\t\t<div class=\"elementor-element elementor-element-5d462f8 e-flex e-con-boxed e-con e-parent\" data-id=\"5d462f8\" data-element_type=\"container\" data-e-type=\"container\">\n\t\t\t\t\t<div class=\"e-con-inner\">\n\t\t\t\t<div class=\"elementor-element elementor-element-55b5adf elementor-widget__width-inherit elementor-widget elementor-widget-html\" data-id=\"55b5adf\" data-element_type=\"widget\" data-e-type=\"widget\" data-widget_type=\"html.default\">\n\t\t\t\t<div class=\"elementor-widget-container\">\n\t\t\t\t\t<!-- resOS Booking widget script START -->\n<a id=\"booking-widget-2\" href=\"https:\/\/fiamma.resos.com\/booking\" data-lang=\"es\" data-restaurant-id=\"gLbvniz59R2f2cA8d\" data-domain=\"fiamma.resos.com\">Book your table<\/a><div id=\"booking-script-2\" style=\"text-align:center;opacity:0.6;font-size:70%;margin-top:10px;\"><a target=\"_blank\" rel=\"noopener noreferrer\" href=\"https:\/\/resos.com\">Fiamma Restaurant<\/a><\/div><script type=\"text\/javascript\">const scr=document.createElement(\"script\");scr.src=\"https:\/\/fiamma.resos.com\/embed\/booking\/widget.js?ts=\"+new Date().getTime();document.getElementById(\"booking-script-2\").appendChild(scr);<\/script>\n<!-- resOS Booking widget script END -->\t\t\t\t<\/div>\n\t\t\t\t<\/div>\n\t\t\t\t\t<\/div>\n\t\t\t\t<\/div>\n\t\t\t\t<\/div>\n\t\t","protected":false},"excerpt":{"rendered":"<p>Book your table Welcome to Fiamma, Italian Restaurant in Tenerife Book your tableFiamma Restaurant<\/p>\n","protected":false},"author":1,"featured_media":0,"parent":0,"menu_order":0,"comment_status":"closed","ping_status":"closed","template":"elementor_header_footer","meta":{"footnotes":""},"class_list":["post-3840","page","type-page","status-publish","hentry"],"yoast_head":"<!-- This site is optimized with the Yoast SEO plugin v27.2 - https:\/\/yoast.com\/product\/yoast-seo-wordpress\/ -->\n<title>Book Now - Fiamma Restaurant, Tenerife<\/title>\n<meta name=\"description\" content=\"Book at Fiamma, your Italian pizzeria in Adeje. Enjoy authentic Italian cuisine with flavours that will surprise you.\" \/>\n<meta name=\"robots\" content=\"index, follow, max-snippet:-1, max-image-preview:large, max-video-preview:-1\" \/>\n<link rel=\"canonical\" href=\"https:\/\/fiamma.restaurant\/en\/book-now\/\" \/>\n<meta property=\"og:locale\" content=\"en_US\" \/>\n<meta property=\"og:type\" content=\"article\" \/>\n<meta property=\"og:title\" content=\"Book Now - Fiamma Restaurant, Tenerife\" \/>\n<meta property=\"og:description\" content=\"Book at Fiamma, your Italian pizzeria in Adeje. Enjoy authentic Italian cuisine with flavours that will surprise you.\" \/>\n<meta property=\"og:url\" content=\"https:\/\/fiamma.restaurant\/en\/book-now\/\" \/>\n<meta property=\"og:site_name\" content=\"Fiamma Restaurant, Tenerife\" \/>\n<meta property=\"article:publisher\" content=\"https:\/\/www.facebook.com\/fiamma.tenerife.3\/?locale=es_ES\" \/>\n<meta property=\"article:modified_time\" content=\"2025-12-07T17:51:39+00:00\" \/>\n<meta property=\"og:image\" content=\"https:\/\/fiamma.restaurant\/wp-content\/uploads\/2024\/12\/logo-fiamma.png\" \/>\n\t<meta property=\"og:image:width\" content=\"196\" \/>\n\t<meta property=\"og:image:height\" content=\"51\" \/>\n\t<meta property=\"og:image:type\" content=\"image\/png\" \/>\n<meta name=\"twitter:card\" content=\"summary_large_image\" \/>\n<script type=\"application\/ld+json\" class=\"yoast-schema-graph\">{\"@context\":\"https:\/\/schema.org\",\"@graph\":[{\"@type\":\"WebPage\",\"@id\":\"https:\/\/fiamma.restaurant\/en\/book-now\/\",\"url\":\"https:\/\/fiamma.restaurant\/en\/book-now\/\",\"name\":\"Book Now - Fiamma Restaurant, Tenerife\",\"isPartOf\":{\"@id\":\"https:\/\/fiamma.restaurant\/en\/#website\"},\"datePublished\":\"2025-06-26T11:14:09+00:00\",\"dateModified\":\"2025-12-07T17:51:39+00:00\",\"description\":\"Book at Fiamma, your Italian pizzeria in Adeje. Enjoy authentic Italian cuisine with flavours that will surprise you.\",\"breadcrumb\":{\"@id\":\"https:\/\/fiamma.restaurant\/en\/book-now\/#breadcrumb\"},\"inLanguage\":\"en-US\",\"potentialAction\":[{\"@type\":\"ReadAction\",\"target\":[\"https:\/\/fiamma.restaurant\/en\/book-now\/\"]}]},{\"@type\":\"BreadcrumbList\",\"@id\":\"https:\/\/fiamma.restaurant\/en\/book-now\/#breadcrumb\",\"itemListElement\":[{\"@type\":\"ListItem\",\"position\":1,\"name\":\"Portada\",\"item\":\"https:\/\/fiamma.restaurant\/en\/\"},{\"@type\":\"ListItem\",\"position\":2,\"name\":\"Book Now\"}]},{\"@type\":\"WebSite\",\"@id\":\"https:\/\/fiamma.restaurant\/en\/#website\",\"url\":\"https:\/\/fiamma.restaurant\/en\/\",\"name\":\"Fiamma Pizzeria & Cocktail Club\",\"description\":\"Descubre Fiamma, tu restaurante italiano en Playa Las Am\u00e9ricas. Disfruta de la aut\u00e9ntica cocina italiana acompa\u00f1ado de hermosas vistas y un ambiente acogedor. \u00a1Reserva hoy y vive una experiencia gastron\u00f3mica inolvidable!\",\"publisher\":{\"@id\":\"https:\/\/fiamma.restaurant\/en\/#organization\"},\"potentialAction\":[{\"@type\":\"SearchAction\",\"target\":{\"@type\":\"EntryPoint\",\"urlTemplate\":\"https:\/\/fiamma.restaurant\/en\/?s={search_term_string}\"},\"query-input\":{\"@type\":\"PropertyValueSpecification\",\"valueRequired\":true,\"valueName\":\"search_term_string\"}}],\"inLanguage\":\"en-US\"},{\"@type\":\"Organization\",\"@id\":\"https:\/\/fiamma.restaurant\/en\/#organization\",\"name\":\"Fiamma Pizzeria & Cocktail Club\",\"url\":\"https:\/\/fiamma.restaurant\/en\/\",\"logo\":{\"@type\":\"ImageObject\",\"inLanguage\":\"en-US\",\"@id\":\"https:\/\/fiamma.restaurant\/en\/#\/schema\/logo\/image\/\",\"url\":\"https:\/\/fiamma.restaurant\/wp-content\/uploads\/2025\/06\/logo-fiamma.webp\",\"contentUrl\":\"https:\/\/fiamma.restaurant\/wp-content\/uploads\/2025\/06\/logo-fiamma.webp\",\"width\":1000,\"height\":261,\"caption\":\"Fiamma Pizzeria & Cocktail Club\"},\"image\":{\"@id\":\"https:\/\/fiamma.restaurant\/en\/#\/schema\/logo\/image\/\"},\"sameAs\":[\"https:\/\/www.facebook.com\/fiamma.tenerife.3\/?locale=es_ES\",\"https:\/\/www.instagram.com\/fiamma_restaurant\/\"]}]}<\/script>\n<!-- \/ Yoast SEO plugin. -->","yoast_head_json":{"title":"Book Now - Fiamma Restaurant, Tenerife","description":"Book at Fiamma, your Italian pizzeria in Adeje. Enjoy authentic Italian cuisine with flavours that will surprise you.","robots":{"index":"index","follow":"follow","max-snippet":"max-snippet:-1","max-image-preview":"max-image-preview:large","max-video-preview":"max-video-preview:-1"},"canonical":"https:\/\/fiamma.restaurant\/en\/book-now\/","og_locale":"en_US","og_type":"article","og_title":"Book Now - Fiamma Restaurant, Tenerife","og_description":"Book at Fiamma, your Italian pizzeria in Adeje. Enjoy authentic Italian cuisine with flavours that will surprise you.","og_url":"https:\/\/fiamma.restaurant\/en\/book-now\/","og_site_name":"Fiamma Restaurant, Tenerife","article_publisher":"https:\/\/www.facebook.com\/fiamma.tenerife.3\/?locale=es_ES","article_modified_time":"2025-12-07T17:51:39+00:00","og_image":[{"width":196,"height":51,"url":"https:\/\/fiamma.restaurant\/wp-content\/uploads\/2024\/12\/logo-fiamma.png","type":"image\/png"}],"twitter_card":"summary_large_image","schema":{"@context":"https:\/\/schema.org","@graph":[{"@type":"WebPage","@id":"https:\/\/fiamma.restaurant\/en\/book-now\/","url":"https:\/\/fiamma.restaurant\/en\/book-now\/","name":"Book Now - Fiamma Restaurant, Tenerife","isPartOf":{"@id":"https:\/\/fiamma.restaurant\/en\/#website"},"datePublished":"2025-06-26T11:14:09+00:00","dateModified":"2025-12-07T17:51:39+00:00","description":"Book at Fiamma, your Italian pizzeria in Adeje. Enjoy authentic Italian cuisine with flavours that will surprise you.","breadcrumb":{"@id":"https:\/\/fiamma.restaurant\/en\/book-now\/#breadcrumb"},"inLanguage":"en-US","potentialAction":[{"@type":"ReadAction","target":["https:\/\/fiamma.restaurant\/en\/book-now\/"]}]},{"@type":"BreadcrumbList","@id":"https:\/\/fiamma.restaurant\/en\/book-now\/#breadcrumb","itemListElement":[{"@type":"ListItem","position":1,"name":"Portada","item":"https:\/\/fiamma.restaurant\/en\/"},{"@type":"ListItem","position":2,"name":"Book Now"}]},{"@type":"WebSite","@id":"https:\/\/fiamma.restaurant\/en\/#website","url":"https:\/\/fiamma.restaurant\/en\/","name":"Fiamma Pizzeria & Cocktail Club","description":"Descubre Fiamma, tu restaurante italiano en Playa Las Am\u00e9ricas. Disfruta de la aut\u00e9ntica cocina italiana acompa\u00f1ado de hermosas vistas y un ambiente acogedor. \u00a1Reserva hoy y vive una experiencia gastron\u00f3mica inolvidable!","publisher":{"@id":"https:\/\/fiamma.restaurant\/en\/#organization"},"potentialAction":[{"@type":"SearchAction","target":{"@type":"EntryPoint","urlTemplate":"https:\/\/fiamma.restaurant\/en\/?s={search_term_string}"},"query-input":{"@type":"PropertyValueSpecification","valueRequired":true,"valueName":"search_term_string"}}],"inLanguage":"en-US"},{"@type":"Organization","@id":"https:\/\/fiamma.restaurant\/en\/#organization","name":"Fiamma Pizzeria & Cocktail Club","url":"https:\/\/fiamma.restaurant\/en\/","logo":{"@type":"ImageObject","inLanguage":"en-US","@id":"https:\/\/fiamma.restaurant\/en\/#\/schema\/logo\/image\/","url":"https:\/\/fiamma.restaurant\/wp-content\/uploads\/2025\/06\/logo-fiamma.webp","contentUrl":"https:\/\/fiamma.restaurant\/wp-content\/uploads\/2025\/06\/logo-fiamma.webp","width":1000,"height":261,"caption":"Fiamma Pizzeria & Cocktail Club"},"image":{"@id":"https:\/\/fiamma.restaurant\/en\/#\/schema\/logo\/image\/"},"sameAs":["https:\/\/www.facebook.com\/fiamma.tenerife.3\/?locale=es_ES","https:\/\/www.instagram.com\/fiamma_restaurant\/"]}]}},"_links":{"self":[{"href":"https:\/\/fiamma.restaurant\/en\/wp-json\/wp\/v2\/pages\/3840","targetHints":{"allow":["GET"]}}],"collection":[{"href":"https:\/\/fiamma.restaurant\/en\/wp-json\/wp\/v2\/pages"}],"about":[{"href":"https:\/\/fiamma.restaurant\/en\/wp-json\/wp\/v2\/types\/page"}],"author":[{"embeddable":true,"href":"https:\/\/fiamma.restaurant\/en\/wp-json\/wp\/v2\/users\/1"}],"replies":[{"embeddable":true,"href":"https:\/\/fiamma.restaurant\/en\/wp-json\/wp\/v2\/comments?post=3840"}],"version-history":[{"count":11,"href":"https:\/\/fiamma.restaurant\/en\/wp-json\/wp\/v2\/pages\/3840\/revisions"}],"predecessor-version":[{"id":4892,"href":"https:\/\/fiamma.restaurant\/en\/wp-json\/wp\/v2\/pages\/3840\/revisions\/4892"}],"wp:attachment":[{"href":"https:\/\/fiamma.restaurant\/en\/wp-json\/wp\/v2\/media?parent=3840"}],"curies":[{"name":"wp","href":"https:\/\/api.w.org\/{rel}","templated":true}]}}