{"id":3832,"date":"2024-12-27T09:24:42","date_gmt":"2024-12-27T09:24:42","guid":{"rendered":"https:\/\/fiamma.restaurant\/contact\/"},"modified":"2026-01-03T14:51:25","modified_gmt":"2026-01-03T14:51:25","slug":"contact","status":"publish","type":"page","link":"https:\/\/fiamma.restaurant\/en\/contact\/","title":{"rendered":"Contact"},"content":{"rendered":"\t\t<div data-elementor-type=\"wp-page\" data-elementor-id=\"3832\" class=\"elementor elementor-3832 elementor-2531\" data-elementor-post-type=\"page\">\n\t\t\t\t<div class=\"elementor-element elementor-element-6ffbb88 e-flex e-con-boxed e-con e-parent\" data-id=\"6ffbb88\" data-element_type=\"container\" data-e-type=\"container\">\n\t\t\t\t\t<div class=\"e-con-inner\">\n\t\t\t\t<div class=\"elementor-element elementor-element-0c11754 elementor-widget elementor-widget-heading\" data-id=\"0c11754\" data-element_type=\"widget\" data-e-type=\"widget\" data-widget_type=\"heading.default\">\n\t\t\t\t<div class=\"elementor-widget-container\">\n\t\t\t\t\t<h1 class=\"elementor-heading-title elementor-size-default\">FIAMMA RESTAURANT\n<br>ITALIAN RESTAURANT IN LAS AM\u00c9RICAS, TENERIFE<\/h1>\t\t\t\t<\/div>\n\t\t\t\t<\/div>\n\t\t\t\t<div class=\"elementor-element elementor-element-727fb8d elementor-widget elementor-widget-spacer\" data-id=\"727fb8d\" data-element_type=\"widget\" data-e-type=\"widget\" data-widget_type=\"spacer.default\">\n\t\t\t\t<div class=\"elementor-widget-container\">\n\t\t\t\t\t\t\t<div class=\"elementor-spacer\">\n\t\t\t<div class=\"elementor-spacer-inner\"><\/div>\n\t\t<\/div>\n\t\t\t\t\t\t<\/div>\n\t\t\t\t<\/div>\n\t\t\t\t<div class=\"elementor-element elementor-element-4d2de1b elementor-widget elementor-widget-text-editor\" data-id=\"4d2de1b\" data-element_type=\"widget\" data-e-type=\"widget\" data-widget_type=\"text-editor.default\">\n\t\t\t\t<div class=\"elementor-widget-container\">\n\t\t\t\t\t\t\t\t\t<p>Do you want to enjoy a unique dining experience in a relaxed and welcoming atmosphere?<br \/><br \/>We are here for you. Contact us to make a reservation or for any inquiries.<\/p>\t\t\t\t\t\t\t\t<\/div>\n\t\t\t\t<\/div>\n\t\t\t\t\t<\/div>\n\t\t\t\t<\/div>\n\t\t<div class=\"elementor-element elementor-element-c3ef2c9 e-flex e-con-boxed e-con e-child\" data-id=\"c3ef2c9\" data-element_type=\"container\" data-e-type=\"container\">\n\t\t\t\t\t<div class=\"e-con-inner\">\n\t\t<div class=\"elementor-element elementor-element-24504dd e-con-full e-flex e-con e-child\" data-id=\"24504dd\" data-element_type=\"container\" data-e-type=\"container\" data-settings=\"{&quot;background_background&quot;:&quot;classic&quot;}\">\n\t\t\t\t<div class=\"elementor-element elementor-element-db9bae7 elementor-widget elementor-widget-heading\" data-id=\"db9bae7\" data-element_type=\"widget\" data-e-type=\"widget\" data-widget_type=\"heading.default\">\n\t\t\t\t<div class=\"elementor-widget-container\">\n\t\t\t\t\t<h2 class=\"elementor-heading-title elementor-size-default\">Contact Us<\/h2>\t\t\t\t<\/div>\n\t\t\t\t<\/div>\n\t\t\t\t<div class=\"elementor-element elementor-element-a1a9a91 elementor-view-default elementor-position-block-start elementor-mobile-position-block-start elementor-widget elementor-widget-icon-box\" data-id=\"a1a9a91\" data-element_type=\"widget\" data-e-type=\"widget\" data-widget_type=\"icon-box.default\">\n\t\t\t\t<div class=\"elementor-widget-container\">\n\t\t\t\t\t\t\t<div class=\"elementor-icon-box-wrapper\">\n\n\t\t\t\t\t\t<div class=\"elementor-icon-box-icon\">\n\t\t\t\t<span  class=\"elementor-icon\">\n\t\t\t\t<svg aria-hidden=\"true\" class=\"e-font-icon-svg e-fas-map-marker-alt\" viewBox=\"0 0 384 512\" xmlns=\"http:\/\/www.w3.org\/2000\/svg\"><path d=\"M172.268 501.67C26.97 291.031 0 269.413 0 192 0 85.961 85.961 0 192 0s192 85.961 192 192c0 77.413-26.97 99.031-172.268 309.67-9.535 13.774-29.93 13.773-39.464 0zM192 272c44.183 0 80-35.817 80-80s-35.817-80-80-80-80 35.817-80 80 35.817 80 80 80z\"><\/path><\/svg>\t\t\t\t<\/span>\n\t\t\t<\/div>\n\t\t\t\n\t\t\t\t\t\t<div class=\"elementor-icon-box-content\">\n\n\t\t\t\t\t\t\t\t\t<p class=\"elementor-icon-box-title\">\n\t\t\t\t\t\t<span  >\n\t\t\t\t\t\t\tAvenida Rafael Puig Lluvina, 14, 38660 <br>Costa Adeje, Santa Cruz de Tenerife\t\t\t\t\t\t<\/span>\n\t\t\t\t\t<\/p>\n\t\t\t\t\n\t\t\t\t\n\t\t\t<\/div>\n\t\t\t\n\t\t<\/div>\n\t\t\t\t\t\t<\/div>\n\t\t\t\t<\/div>\n\t\t\t\t<div class=\"elementor-element elementor-element-15fac8b elementor-view-default elementor-position-block-start elementor-mobile-position-block-start elementor-widget elementor-widget-icon-box\" data-id=\"15fac8b\" data-element_type=\"widget\" data-e-type=\"widget\" data-widget_type=\"icon-box.default\">\n\t\t\t\t<div class=\"elementor-widget-container\">\n\t\t\t\t\t\t\t<div class=\"elementor-icon-box-wrapper\">\n\n\t\t\t\t\t\t<div class=\"elementor-icon-box-icon\">\n\t\t\t\t<span  class=\"elementor-icon\">\n\t\t\t\t<svg aria-hidden=\"true\" class=\"e-font-icon-svg e-fas-phone-alt\" viewBox=\"0 0 512 512\" xmlns=\"http:\/\/www.w3.org\/2000\/svg\"><path d=\"M497.39 361.8l-112-48a24 24 0 0 0-28 6.9l-49.6 60.6A370.66 370.66 0 0 1 130.6 204.11l60.6-49.6a23.94 23.94 0 0 0 6.9-28l-48-112A24.16 24.16 0 0 0 122.6.61l-104 24A24 24 0 0 0 0 48c0 256.5 207.9 464 464 464a24 24 0 0 0 23.4-18.6l24-104a24.29 24.29 0 0 0-14.01-27.6z\"><\/path><\/svg>\t\t\t\t<\/span>\n\t\t\t<\/div>\n\t\t\t\n\t\t\t\t\t\t<div class=\"elementor-icon-box-content\">\n\n\t\t\t\t\t\t\t\t\t<p class=\"elementor-icon-box-title\">\n\t\t\t\t\t\t<span  >\n\t\t\t\t\t\t\t+34 622 88 37 15\t\t\t\t\t\t<\/span>\n\t\t\t\t\t<\/p>\n\t\t\t\t\n\t\t\t\t\n\t\t\t<\/div>\n\t\t\t\n\t\t<\/div>\n\t\t\t\t\t\t<\/div>\n\t\t\t\t<\/div>\n\t\t\t\t<div class=\"elementor-element elementor-element-0e848c6 elementor-view-default elementor-position-block-start elementor-mobile-position-block-start elementor-widget elementor-widget-icon-box\" data-id=\"0e848c6\" data-element_type=\"widget\" data-e-type=\"widget\" data-widget_type=\"icon-box.default\">\n\t\t\t\t<div class=\"elementor-widget-container\">\n\t\t\t\t\t\t\t<div class=\"elementor-icon-box-wrapper\">\n\n\t\t\t\t\t\t<div class=\"elementor-icon-box-icon\">\n\t\t\t\t<a href=\"mailto:info@restaurantefiamma.com\" class=\"elementor-icon\" tabindex=\"-1\" aria-label=\"fiamma.tenerife@gmail.com\">\n\t\t\t\t<svg aria-hidden=\"true\" class=\"e-font-icon-svg e-far-envelope\" viewBox=\"0 0 512 512\" xmlns=\"http:\/\/www.w3.org\/2000\/svg\"><path d=\"M464 64H48C21.49 64 0 85.49 0 112v288c0 26.51 21.49 48 48 48h416c26.51 0 48-21.49 48-48V112c0-26.51-21.49-48-48-48zm0 48v40.805c-22.422 18.259-58.168 46.651-134.587 106.49-16.841 13.247-50.201 45.072-73.413 44.701-23.208.375-56.579-31.459-73.413-44.701C106.18 199.465 70.425 171.067 48 152.805V112h416zM48 400V214.398c22.914 18.251 55.409 43.862 104.938 82.646 21.857 17.205 60.134 55.186 103.062 54.955 42.717.231 80.509-37.199 103.053-54.947 49.528-38.783 82.032-64.401 104.947-82.653V400H48z\"><\/path><\/svg>\t\t\t\t<\/a>\n\t\t\t<\/div>\n\t\t\t\n\t\t\t\t\t\t<div class=\"elementor-icon-box-content\">\n\n\t\t\t\t\t\t\t\t\t<p class=\"elementor-icon-box-title\">\n\t\t\t\t\t\t<a href=\"mailto:info@restaurantefiamma.com\" >\n\t\t\t\t\t\t\tfiamma.tenerife@gmail.com\t\t\t\t\t\t<\/a>\n\t\t\t\t\t<\/p>\n\t\t\t\t\n\t\t\t\t\n\t\t\t<\/div>\n\t\t\t\n\t\t<\/div>\n\t\t\t\t\t\t<\/div>\n\t\t\t\t<\/div>\n\t\t\t\t<div class=\"elementor-element elementor-element-1123b35 elementor-widget elementor-widget-button\" data-id=\"1123b35\" data-element_type=\"widget\" data-e-type=\"widget\" data-widget_type=\"button.default\">\n\t\t\t\t<div class=\"elementor-widget-container\">\n\t\t\t\t\t\t\t\t\t<div class=\"elementor-button-wrapper\">\n\t\t\t\t\t<a class=\"elementor-button elementor-button-link elementor-size-sm\" href=\"https:\/\/octotable.com\/book\/restaurant\/1001070\/booking\/new\" aria-label=\"Reservar mesa en el restaurante\">\n\t\t\t\t\t\t<span class=\"elementor-button-content-wrapper\">\n\t\t\t\t\t\t\t\t\t<span class=\"elementor-button-text\">Book Your Table<\/span>\n\t\t\t\t\t<\/span>\n\t\t\t\t\t<\/a>\n\t\t\t\t<\/div>\n\t\t\t\t\t\t\t\t<\/div>\n\t\t\t\t<\/div>\n\t\t\t\t<\/div>\n\t\t<div class=\"elementor-element elementor-element-51d84d2 e-con-full e-flex e-con e-child\" data-id=\"51d84d2\" data-element_type=\"container\" data-e-type=\"container\">\n\t\t\t\t<div class=\"elementor-element elementor-element-99fbf1d elementor-widget elementor-widget-google_maps\" data-id=\"99fbf1d\" data-element_type=\"widget\" data-e-type=\"widget\" data-widget_type=\"google_maps.default\">\n\t\t\t\t<div class=\"elementor-widget-container\">\n\t\t\t\t\t\t\t<div class=\"elementor-custom-embed\">\n\t\t\t<iframe loading=\"lazy\"\n\t\t\t\t\tsrc=\"https:\/\/maps.google.com\/maps?q=Fiamma%20Restaurant&#038;t=m&#038;z=18&#038;output=embed&#038;iwloc=near\"\n\t\t\t\t\ttitle=\"Fiamma Restaurant\"\n\t\t\t\t\taria-label=\"Fiamma Restaurant\"\n\t\t\t><\/iframe>\n\t\t<\/div>\n\t\t\t\t\t\t<\/div>\n\t\t\t\t<\/div>\n\t\t\t\t<\/div>\n\t\t<div class=\"elementor-element elementor-element-fa69f6c e-con-full e-flex e-con e-child\" data-id=\"fa69f6c\" data-element_type=\"container\" data-e-type=\"container\" data-settings=\"{&quot;background_background&quot;:&quot;classic&quot;}\">\n\t\t\t\t<div class=\"elementor-element elementor-element-f80d973 elementor-widget elementor-widget-heading\" data-id=\"f80d973\" data-element_type=\"widget\" data-e-type=\"widget\" data-widget_type=\"heading.default\">\n\t\t\t\t<div class=\"elementor-widget-container\">\n\t\t\t\t\t<h3 class=\"elementor-heading-title elementor-size-default\">Follow us<\/h3>\t\t\t\t<\/div>\n\t\t\t\t<\/div>\n\t\t\t\t<div class=\"elementor-element elementor-element-5d6b869 elementor-shape-circle e-grid-align-tablet-center elementor-grid-0 e-grid-align-center elementor-widget elementor-widget-social-icons\" data-id=\"5d6b869\" data-element_type=\"widget\" data-e-type=\"widget\" data-widget_type=\"social-icons.default\">\n\t\t\t\t<div class=\"elementor-widget-container\">\n\t\t\t\t\t\t\t<div class=\"elementor-social-icons-wrapper elementor-grid\" role=\"list\">\n\t\t\t\t\t\t\t<span class=\"elementor-grid-item\" role=\"listitem\">\n\t\t\t\t\t<a class=\"elementor-icon elementor-social-icon elementor-social-icon-instagram elementor-repeater-item-5ad0db5\" href=\"https:\/\/www.instagram.com\/fiamma_restaurant\/\" target=\"_blank\">\n\t\t\t\t\t\t<span class=\"elementor-screen-only\">Instagram<\/span>\n\t\t\t\t\t\t<svg aria-hidden=\"true\" class=\"e-font-icon-svg e-fab-instagram\" viewBox=\"0 0 448 512\" xmlns=\"http:\/\/www.w3.org\/2000\/svg\"><path d=\"M224.1 141c-63.6 0-114.9 51.3-114.9 114.9s51.3 114.9 114.9 114.9S339 319.5 339 255.9 287.7 141 224.1 141zm0 189.6c-41.1 0-74.7-33.5-74.7-74.7s33.5-74.7 74.7-74.7 74.7 33.5 74.7 74.7-33.6 74.7-74.7 74.7zm146.4-194.3c0 14.9-12 26.8-26.8 26.8-14.9 0-26.8-12-26.8-26.8s12-26.8 26.8-26.8 26.8 12 26.8 26.8zm76.1 27.2c-1.7-35.9-9.9-67.7-36.2-93.9-26.2-26.2-58-34.4-93.9-36.2-37-2.1-147.9-2.1-184.9 0-35.8 1.7-67.6 9.9-93.9 36.1s-34.4 58-36.2 93.9c-2.1 37-2.1 147.9 0 184.9 1.7 35.9 9.9 67.7 36.2 93.9s58 34.4 93.9 36.2c37 2.1 147.9 2.1 184.9 0 35.9-1.7 67.7-9.9 93.9-36.2 26.2-26.2 34.4-58 36.2-93.9 2.1-37 2.1-147.8 0-184.8zM398.8 388c-7.8 19.6-22.9 34.7-42.6 42.6-29.5 11.7-99.5 9-132.1 9s-102.7 2.6-132.1-9c-19.6-7.8-34.7-22.9-42.6-42.6-11.7-29.5-9-99.5-9-132.1s-2.6-102.7 9-132.1c7.8-19.6 22.9-34.7 42.6-42.6 29.5-11.7 99.5-9 132.1-9s102.7-2.6 132.1 9c19.6 7.8 34.7 22.9 42.6 42.6 11.7 29.5 9 99.5 9 132.1s2.7 102.7-9 132.1z\"><\/path><\/svg>\t\t\t\t\t<\/a>\n\t\t\t\t<\/span>\n\t\t\t\t\t\t\t<span class=\"elementor-grid-item\" role=\"listitem\">\n\t\t\t\t\t<a class=\"elementor-icon elementor-social-icon elementor-social-icon-facebook elementor-repeater-item-0ce97b8\" href=\"https:\/\/www.facebook.com\/Fiamma.Tenerife?locale=es_ES\" target=\"_blank\">\n\t\t\t\t\t\t<span class=\"elementor-screen-only\">Facebook<\/span>\n\t\t\t\t\t\t<svg aria-hidden=\"true\" class=\"e-font-icon-svg e-fab-facebook\" viewBox=\"0 0 512 512\" xmlns=\"http:\/\/www.w3.org\/2000\/svg\"><path d=\"M504 256C504 119 393 8 256 8S8 119 8 256c0 123.78 90.69 226.38 209.25 245V327.69h-63V256h63v-54.64c0-62.15 37-96.48 93.67-96.48 27.14 0 55.52 4.84 55.52 4.84v61h-31.28c-30.8 0-40.41 19.12-40.41 38.73V256h68.78l-11 71.69h-57.78V501C413.31 482.38 504 379.78 504 256z\"><\/path><\/svg>\t\t\t\t\t<\/a>\n\t\t\t\t<\/span>\n\t\t\t\t\t<\/div>\n\t\t\t\t\t\t<\/div>\n\t\t\t\t<\/div>\n\t\t\t\t<div class=\"elementor-element elementor-element-b334baf elementor-mobile-align-center elementor-tablet-align-center elementor-align-center elementor-widget elementor-widget-button\" data-id=\"b334baf\" data-element_type=\"widget\" data-e-type=\"widget\" data-widget_type=\"button.default\">\n\t\t\t\t<div class=\"elementor-widget-container\">\n\t\t\t\t\t\t\t\t\t<div class=\"elementor-button-wrapper\">\n\t\t\t\t\t<a class=\"elementor-button elementor-size-sm\" role=\"button\">\n\t\t\t\t\t\t<span class=\"elementor-button-content-wrapper\">\n\t\t\t\t\t\t\t\t\t<span class=\"elementor-button-text\">Tag Us In Your Photos<\/span>\n\t\t\t\t\t<\/span>\n\t\t\t\t\t<\/a>\n\t\t\t\t<\/div>\n\t\t\t\t\t\t\t\t<\/div>\n\t\t\t\t<\/div>\n\t\t\t\t<\/div>\n\t\t\t\t\t<\/div>\n\t\t\t\t<\/div>\n\t\t\t\t<\/div>\n\t\t","protected":false},"excerpt":{"rendered":"<p>FIAMMA RESTAURANT ITALIAN RESTAURANT IN LAS AM\u00c9RICAS, TENERIFE Do you want to enjoy a unique dining experience in a relaxed and welcoming atmosphere? We are here for you. Contact us to make a reservation or for any inquiries. Contact Us Avenida Rafael Puig Lluvina, 14, 38660 Costa Adeje, Santa Cruz de Tenerife +34 622 88 [&hellip;]<\/p>\n","protected":false},"author":1,"featured_media":3708,"parent":0,"menu_order":0,"comment_status":"closed","ping_status":"closed","template":"","meta":{"footnotes":""},"class_list":["post-3832","page","type-page","status-publish","has-post-thumbnail","hentry"],"yoast_head":"<!-- This site is optimized with the Yoast SEO plugin v27.2 - https:\/\/yoast.com\/product\/yoast-seo-wordpress\/ -->\n<title>Contact - Fiamma Restaurant, Tenerife<\/title>\n<meta name=\"description\" content=\"Connect with Fiamma! Find us at Playa Las Am\u00e9ricas and check our hours or make your reservation. We are here to assist you!\" \/>\n<meta name=\"robots\" content=\"index, follow, max-snippet:-1, max-image-preview:large, max-video-preview:-1\" \/>\n<link rel=\"canonical\" href=\"https:\/\/fiamma.restaurant\/en\/contact\/\" \/>\n<meta property=\"og:locale\" content=\"en_US\" \/>\n<meta property=\"og:type\" content=\"article\" \/>\n<meta property=\"og:title\" content=\"Contact - Fiamma Restaurant, Tenerife\" \/>\n<meta property=\"og:description\" content=\"Connect with Fiamma! Find us at Playa Las Am\u00e9ricas and check our hours or make your reservation. We are here to assist you!\" \/>\n<meta property=\"og:url\" content=\"https:\/\/fiamma.restaurant\/en\/contact\/\" \/>\n<meta property=\"og:site_name\" content=\"Fiamma Restaurant, Tenerife\" \/>\n<meta property=\"article:publisher\" content=\"https:\/\/www.facebook.com\/fiamma.tenerife.3\/?locale=es_ES\" \/>\n<meta property=\"article:modified_time\" content=\"2026-01-03T14:51:25+00:00\" \/>\n<meta property=\"og:image\" content=\"https:\/\/fiamma.restaurant\/wp-content\/uploads\/2024\/12\/AdobeStock_580857509.png\" \/>\n\t<meta property=\"og:image:width\" content=\"628\" \/>\n\t<meta property=\"og:image:height\" content=\"582\" \/>\n\t<meta property=\"og:image:type\" content=\"image\/png\" \/>\n<meta name=\"twitter:card\" content=\"summary_large_image\" \/>\n<script type=\"application\/ld+json\" class=\"yoast-schema-graph\">{\"@context\":\"https:\/\/schema.org\",\"@graph\":[{\"@type\":\"WebPage\",\"@id\":\"https:\/\/fiamma.restaurant\/en\/contact\/\",\"url\":\"https:\/\/fiamma.restaurant\/en\/contact\/\",\"name\":\"Contact - Fiamma Restaurant, Tenerife\",\"isPartOf\":{\"@id\":\"https:\/\/fiamma.restaurant\/en\/#website\"},\"primaryImageOfPage\":{\"@id\":\"https:\/\/fiamma.restaurant\/en\/contact\/#primaryimage\"},\"image\":{\"@id\":\"https:\/\/fiamma.restaurant\/en\/contact\/#primaryimage\"},\"thumbnailUrl\":\"https:\/\/fiamma.restaurant\/wp-content\/uploads\/2024\/12\/AdobeStock_580857509.png\",\"datePublished\":\"2024-12-27T09:24:42+00:00\",\"dateModified\":\"2026-01-03T14:51:25+00:00\",\"description\":\"Connect with Fiamma! Find us at Playa Las Am\u00e9ricas and check our hours or make your reservation. We are here to assist you!\",\"breadcrumb\":{\"@id\":\"https:\/\/fiamma.restaurant\/en\/contact\/#breadcrumb\"},\"inLanguage\":\"en-US\",\"potentialAction\":[{\"@type\":\"ReadAction\",\"target\":[\"https:\/\/fiamma.restaurant\/en\/contact\/\"]}]},{\"@type\":\"ImageObject\",\"inLanguage\":\"en-US\",\"@id\":\"https:\/\/fiamma.restaurant\/en\/contact\/#primaryimage\",\"url\":\"https:\/\/fiamma.restaurant\/wp-content\/uploads\/2024\/12\/AdobeStock_580857509.png\",\"contentUrl\":\"https:\/\/fiamma.restaurant\/wp-content\/uploads\/2024\/12\/AdobeStock_580857509.png\",\"width\":628,\"height\":582},{\"@type\":\"BreadcrumbList\",\"@id\":\"https:\/\/fiamma.restaurant\/en\/contact\/#breadcrumb\",\"itemListElement\":[{\"@type\":\"ListItem\",\"position\":1,\"name\":\"Portada\",\"item\":\"https:\/\/fiamma.restaurant\/en\/\"},{\"@type\":\"ListItem\",\"position\":2,\"name\":\"Contact\"}]},{\"@type\":\"WebSite\",\"@id\":\"https:\/\/fiamma.restaurant\/en\/#website\",\"url\":\"https:\/\/fiamma.restaurant\/en\/\",\"name\":\"Fiamma Pizzeria & Cocktail Club\",\"description\":\"Descubre Fiamma, tu restaurante italiano en Playa Las Am\u00e9ricas. Disfruta de la aut\u00e9ntica cocina italiana acompa\u00f1ado de hermosas vistas y un ambiente acogedor. \u00a1Reserva hoy y vive una experiencia gastron\u00f3mica inolvidable!\",\"publisher\":{\"@id\":\"https:\/\/fiamma.restaurant\/en\/#organization\"},\"potentialAction\":[{\"@type\":\"SearchAction\",\"target\":{\"@type\":\"EntryPoint\",\"urlTemplate\":\"https:\/\/fiamma.restaurant\/en\/?s={search_term_string}\"},\"query-input\":{\"@type\":\"PropertyValueSpecification\",\"valueRequired\":true,\"valueName\":\"search_term_string\"}}],\"inLanguage\":\"en-US\"},{\"@type\":\"Organization\",\"@id\":\"https:\/\/fiamma.restaurant\/en\/#organization\",\"name\":\"Fiamma Pizzeria & Cocktail Club\",\"url\":\"https:\/\/fiamma.restaurant\/en\/\",\"logo\":{\"@type\":\"ImageObject\",\"inLanguage\":\"en-US\",\"@id\":\"https:\/\/fiamma.restaurant\/en\/#\/schema\/logo\/image\/\",\"url\":\"https:\/\/fiamma.restaurant\/wp-content\/uploads\/2025\/06\/logo-fiamma.webp\",\"contentUrl\":\"https:\/\/fiamma.restaurant\/wp-content\/uploads\/2025\/06\/logo-fiamma.webp\",\"width\":1000,\"height\":261,\"caption\":\"Fiamma Pizzeria & Cocktail Club\"},\"image\":{\"@id\":\"https:\/\/fiamma.restaurant\/en\/#\/schema\/logo\/image\/\"},\"sameAs\":[\"https:\/\/www.facebook.com\/fiamma.tenerife.3\/?locale=es_ES\",\"https:\/\/www.instagram.com\/fiamma_restaurant\/\"]}]}<\/script>\n<!-- \/ Yoast SEO plugin. -->","yoast_head_json":{"title":"Contact - Fiamma Restaurant, Tenerife","description":"Connect with Fiamma! Find us at Playa Las Am\u00e9ricas and check our hours or make your reservation. We are here to assist you!","robots":{"index":"index","follow":"follow","max-snippet":"max-snippet:-1","max-image-preview":"max-image-preview:large","max-video-preview":"max-video-preview:-1"},"canonical":"https:\/\/fiamma.restaurant\/en\/contact\/","og_locale":"en_US","og_type":"article","og_title":"Contact - Fiamma Restaurant, Tenerife","og_description":"Connect with Fiamma! Find us at Playa Las Am\u00e9ricas and check our hours or make your reservation. We are here to assist you!","og_url":"https:\/\/fiamma.restaurant\/en\/contact\/","og_site_name":"Fiamma Restaurant, Tenerife","article_publisher":"https:\/\/www.facebook.com\/fiamma.tenerife.3\/?locale=es_ES","article_modified_time":"2026-01-03T14:51:25+00:00","og_image":[{"width":628,"height":582,"url":"https:\/\/fiamma.restaurant\/wp-content\/uploads\/2024\/12\/AdobeStock_580857509.png","type":"image\/png"}],"twitter_card":"summary_large_image","schema":{"@context":"https:\/\/schema.org","@graph":[{"@type":"WebPage","@id":"https:\/\/fiamma.restaurant\/en\/contact\/","url":"https:\/\/fiamma.restaurant\/en\/contact\/","name":"Contact - Fiamma Restaurant, Tenerife","isPartOf":{"@id":"https:\/\/fiamma.restaurant\/en\/#website"},"primaryImageOfPage":{"@id":"https:\/\/fiamma.restaurant\/en\/contact\/#primaryimage"},"image":{"@id":"https:\/\/fiamma.restaurant\/en\/contact\/#primaryimage"},"thumbnailUrl":"https:\/\/fiamma.restaurant\/wp-content\/uploads\/2024\/12\/AdobeStock_580857509.png","datePublished":"2024-12-27T09:24:42+00:00","dateModified":"2026-01-03T14:51:25+00:00","description":"Connect with Fiamma! Find us at Playa Las Am\u00e9ricas and check our hours or make your reservation. We are here to assist you!","breadcrumb":{"@id":"https:\/\/fiamma.restaurant\/en\/contact\/#breadcrumb"},"inLanguage":"en-US","potentialAction":[{"@type":"ReadAction","target":["https:\/\/fiamma.restaurant\/en\/contact\/"]}]},{"@type":"ImageObject","inLanguage":"en-US","@id":"https:\/\/fiamma.restaurant\/en\/contact\/#primaryimage","url":"https:\/\/fiamma.restaurant\/wp-content\/uploads\/2024\/12\/AdobeStock_580857509.png","contentUrl":"https:\/\/fiamma.restaurant\/wp-content\/uploads\/2024\/12\/AdobeStock_580857509.png","width":628,"height":582},{"@type":"BreadcrumbList","@id":"https:\/\/fiamma.restaurant\/en\/contact\/#breadcrumb","itemListElement":[{"@type":"ListItem","position":1,"name":"Portada","item":"https:\/\/fiamma.restaurant\/en\/"},{"@type":"ListItem","position":2,"name":"Contact"}]},{"@type":"WebSite","@id":"https:\/\/fiamma.restaurant\/en\/#website","url":"https:\/\/fiamma.restaurant\/en\/","name":"Fiamma Pizzeria & Cocktail Club","description":"Descubre Fiamma, tu restaurante italiano en Playa Las Am\u00e9ricas. Disfruta de la aut\u00e9ntica cocina italiana acompa\u00f1ado de hermosas vistas y un ambiente acogedor. \u00a1Reserva hoy y vive una experiencia gastron\u00f3mica inolvidable!","publisher":{"@id":"https:\/\/fiamma.restaurant\/en\/#organization"},"potentialAction":[{"@type":"SearchAction","target":{"@type":"EntryPoint","urlTemplate":"https:\/\/fiamma.restaurant\/en\/?s={search_term_string}"},"query-input":{"@type":"PropertyValueSpecification","valueRequired":true,"valueName":"search_term_string"}}],"inLanguage":"en-US"},{"@type":"Organization","@id":"https:\/\/fiamma.restaurant\/en\/#organization","name":"Fiamma Pizzeria & Cocktail Club","url":"https:\/\/fiamma.restaurant\/en\/","logo":{"@type":"ImageObject","inLanguage":"en-US","@id":"https:\/\/fiamma.restaurant\/en\/#\/schema\/logo\/image\/","url":"https:\/\/fiamma.restaurant\/wp-content\/uploads\/2025\/06\/logo-fiamma.webp","contentUrl":"https:\/\/fiamma.restaurant\/wp-content\/uploads\/2025\/06\/logo-fiamma.webp","width":1000,"height":261,"caption":"Fiamma Pizzeria & Cocktail Club"},"image":{"@id":"https:\/\/fiamma.restaurant\/en\/#\/schema\/logo\/image\/"},"sameAs":["https:\/\/www.facebook.com\/fiamma.tenerife.3\/?locale=es_ES","https:\/\/www.instagram.com\/fiamma_restaurant\/"]}]}},"_links":{"self":[{"href":"https:\/\/fiamma.restaurant\/en\/wp-json\/wp\/v2\/pages\/3832","targetHints":{"allow":["GET"]}}],"collection":[{"href":"https:\/\/fiamma.restaurant\/en\/wp-json\/wp\/v2\/pages"}],"about":[{"href":"https:\/\/fiamma.restaurant\/en\/wp-json\/wp\/v2\/types\/page"}],"author":[{"embeddable":true,"href":"https:\/\/fiamma.restaurant\/en\/wp-json\/wp\/v2\/users\/1"}],"replies":[{"embeddable":true,"href":"https:\/\/fiamma.restaurant\/en\/wp-json\/wp\/v2\/comments?post=3832"}],"version-history":[{"count":14,"href":"https:\/\/fiamma.restaurant\/en\/wp-json\/wp\/v2\/pages\/3832\/revisions"}],"predecessor-version":[{"id":5133,"href":"https:\/\/fiamma.restaurant\/en\/wp-json\/wp\/v2\/pages\/3832\/revisions\/5133"}],"wp:featuredmedia":[{"embeddable":true,"href":"https:\/\/fiamma.restaurant\/en\/wp-json\/wp\/v2\/media\/3708"}],"wp:attachment":[{"href":"https:\/\/fiamma.restaurant\/en\/wp-json\/wp\/v2\/media?parent=3832"}],"curies":[{"name":"wp","href":"https:\/\/api.w.org\/{rel}","templated":true}]}}