{"id":3828,"date":"2024-12-26T12:24:33","date_gmt":"2024-12-26T12:24:33","guid":{"rendered":"https:\/\/fiamma.restaurant\/letter\/"},"modified":"2025-12-20T18:59:54","modified_gmt":"2025-12-20T18:59:54","slug":"menu","status":"publish","type":"page","link":"https:\/\/fiamma.restaurant\/en\/menu\/","title":{"rendered":"Letter"},"content":{"rendered":"\t\t<div data-elementor-type=\"wp-page\" data-elementor-id=\"3828\" class=\"elementor elementor-3828 elementor-2322\" data-elementor-post-type=\"page\">\n\t\t\t\t<div class=\"elementor-element elementor-element-256987f e-flex e-con-boxed e-con e-parent\" data-id=\"256987f\" data-element_type=\"container\" data-e-type=\"container\">\n\t\t\t\t\t<div class=\"e-con-inner\">\n\t\t<div class=\"elementor-element elementor-element-20793d0 e-con-full e-flex e-con e-child\" data-id=\"20793d0\" data-element_type=\"container\" data-e-type=\"container\">\n\t\t\t\t<div class=\"elementor-element elementor-element-fcf102b elementor-widget elementor-widget-heading\" data-id=\"fcf102b\" data-element_type=\"widget\" data-e-type=\"widget\" data-widget_type=\"heading.default\">\n\t\t\t\t<div class=\"elementor-widget-container\">\n\t\t\t\t\t<h3 class=\"elementor-heading-title elementor-size-default\">Menus<\/h3>\t\t\t\t<\/div>\n\t\t\t\t<\/div>\n\t\t\t\t<div class=\"elementor-element elementor-element-5f557d6 elementor-widget elementor-widget-heading\" data-id=\"5f557d6\" data-element_type=\"widget\" data-e-type=\"widget\" data-widget_type=\"heading.default\">\n\t\t\t\t<div class=\"elementor-widget-container\">\n\t\t\t\t\t<h4 class=\"elementor-heading-title elementor-size-default\">Welcome to Fiamma<\/h4>\t\t\t\t<\/div>\n\t\t\t\t<\/div>\n\t\t\t\t<\/div>\n\t\t<div class=\"elementor-element elementor-element-49298ca e-con-full e-flex e-con e-child\" data-id=\"49298ca\" data-element_type=\"container\" data-e-type=\"container\">\n\t\t<div class=\"elementor-element elementor-element-a42f55e e-con-full e-transform e-flex e-con e-child\" data-id=\"a42f55e\" data-element_type=\"container\" data-e-type=\"container\" data-settings=\"{&quot;_transform_scale_effect_hover&quot;:{&quot;unit&quot;:&quot;px&quot;,&quot;size&quot;:1.1,&quot;sizes&quot;:[]},&quot;_transform_scale_effect_hover_tablet&quot;:{&quot;unit&quot;:&quot;px&quot;,&quot;size&quot;:&quot;&quot;,&quot;sizes&quot;:[]},&quot;_transform_scale_effect_hover_mobile&quot;:{&quot;unit&quot;:&quot;px&quot;,&quot;size&quot;:&quot;&quot;,&quot;sizes&quot;:[]}}\">\n\t\t\t\t<div class=\"elementor-element elementor-element-c2c786d elementor-position-top elementor-widget elementor-widget-image-box\" data-id=\"c2c786d\" data-element_type=\"widget\" data-e-type=\"widget\" data-widget_type=\"image-box.default\">\n\t\t\t\t<div class=\"elementor-widget-container\">\n\t\t\t\t\t<div class=\"elementor-image-box-wrapper\"><figure class=\"elementor-image-box-img\"><a href=\"https:\/\/fiamma.restaurant\/en\/food-menu\/\" aria-label=\"Leer m\u00e1s sobre la carta de comidas\" tabindex=\"-1\"><img fetchpriority=\"high\" decoding=\"async\" width=\"800\" height=\"1000\" src=\"https:\/\/fiamma.restaurant\/wp-content\/uploads\/2025\/09\/1-139-Copy-3-819x1024.jpg\" class=\"attachment-large size-large wp-image-4295\" alt=\"\" srcset=\"https:\/\/fiamma.restaurant\/wp-content\/uploads\/2025\/09\/1-139-Copy-3-819x1024.jpg 819w, https:\/\/fiamma.restaurant\/wp-content\/uploads\/2025\/09\/1-139-Copy-3-240x300.jpg 240w, https:\/\/fiamma.restaurant\/wp-content\/uploads\/2025\/09\/1-139-Copy-3-768x961.jpg 768w, https:\/\/fiamma.restaurant\/wp-content\/uploads\/2025\/09\/1-139-Copy-3.jpg 1080w\" sizes=\"(max-width: 800px) 100vw, 800px\" \/><\/a><\/figure><div class=\"elementor-image-box-content\"><p class=\"elementor-image-box-title\"><a href=\"https:\/\/fiamma.restaurant\/en\/food-menu\/\" aria-label=\"Leer m\u00e1s sobre la carta de comidas\">Food<\/a><\/p><\/div><\/div>\t\t\t\t<\/div>\n\t\t\t\t<\/div>\n\t\t\t\t<div class=\"elementor-element elementor-element-33c10cc elementor-align-center elementor-widget elementor-widget-button\" data-id=\"33c10cc\" data-element_type=\"widget\" data-e-type=\"widget\" data-widget_type=\"button.default\">\n\t\t\t\t<div class=\"elementor-widget-container\">\n\t\t\t\t\t\t\t\t\t<div class=\"elementor-button-wrapper\">\n\t\t\t\t\t<a class=\"elementor-button elementor-button-link elementor-size-sm\" href=\"https:\/\/fiamma.restaurant\/en\/food-menu\/\">\n\t\t\t\t\t\t<span class=\"elementor-button-content-wrapper\">\n\t\t\t\t\t\t\t\t\t<span class=\"elementor-button-text\">View Menu<\/span>\n\t\t\t\t\t<\/span>\n\t\t\t\t\t<\/a>\n\t\t\t\t<\/div>\n\t\t\t\t\t\t\t\t<\/div>\n\t\t\t\t<\/div>\n\t\t\t\t<\/div>\n\t\t<div class=\"elementor-element elementor-element-de3cc31 e-con-full e-transform e-flex e-con e-child\" data-id=\"de3cc31\" data-element_type=\"container\" data-e-type=\"container\" data-settings=\"{&quot;_transform_scale_effect_hover&quot;:{&quot;unit&quot;:&quot;px&quot;,&quot;size&quot;:1.1,&quot;sizes&quot;:[]},&quot;_transform_scale_effect_hover_tablet&quot;:{&quot;unit&quot;:&quot;px&quot;,&quot;size&quot;:&quot;&quot;,&quot;sizes&quot;:[]},&quot;_transform_scale_effect_hover_mobile&quot;:{&quot;unit&quot;:&quot;px&quot;,&quot;size&quot;:&quot;&quot;,&quot;sizes&quot;:[]}}\">\n\t\t\t\t<div class=\"elementor-element elementor-element-0c03225 elementor-position-top elementor-widget elementor-widget-image-box\" data-id=\"0c03225\" data-element_type=\"widget\" data-e-type=\"widget\" data-widget_type=\"image-box.default\">\n\t\t\t\t<div class=\"elementor-widget-container\">\n\t\t\t\t\t<div class=\"elementor-image-box-wrapper\"><figure class=\"elementor-image-box-img\"><a href=\"https:\/\/fiamma.restaurant\/en\/drinks-menu\/\" aria-label=\"Leer m\u00e1s sobre la carta de bebidas\" tabindex=\"-1\"><img decoding=\"async\" width=\"800\" height=\"999\" src=\"https:\/\/fiamma.restaurant\/wp-content\/uploads\/2025\/09\/1-15-Ferrero-Rocher-Copy-2-820x1024.jpg\" class=\"attachment-large size-large wp-image-4290\" alt=\"\" srcset=\"https:\/\/fiamma.restaurant\/wp-content\/uploads\/2025\/09\/1-15-Ferrero-Rocher-Copy-2-820x1024.jpg 820w, https:\/\/fiamma.restaurant\/wp-content\/uploads\/2025\/09\/1-15-Ferrero-Rocher-Copy-2-240x300.jpg 240w, https:\/\/fiamma.restaurant\/wp-content\/uploads\/2025\/09\/1-15-Ferrero-Rocher-Copy-2-768x960.jpg 768w, https:\/\/fiamma.restaurant\/wp-content\/uploads\/2025\/09\/1-15-Ferrero-Rocher-Copy-2.jpg 962w\" sizes=\"(max-width: 800px) 100vw, 800px\" \/><\/a><\/figure><div class=\"elementor-image-box-content\"><p class=\"elementor-image-box-title\"><a href=\"https:\/\/fiamma.restaurant\/en\/drinks-menu\/\" aria-label=\"Leer m\u00e1s sobre la carta de bebidas\">Cocktails &amp; Drinks<\/a><\/p><\/div><\/div>\t\t\t\t<\/div>\n\t\t\t\t<\/div>\n\t\t\t\t<div class=\"elementor-element elementor-element-c76bb60 elementor-align-center elementor-widget elementor-widget-button\" data-id=\"c76bb60\" data-element_type=\"widget\" data-e-type=\"widget\" data-widget_type=\"button.default\">\n\t\t\t\t<div class=\"elementor-widget-container\">\n\t\t\t\t\t\t\t\t\t<div class=\"elementor-button-wrapper\">\n\t\t\t\t\t<a class=\"elementor-button elementor-button-link elementor-size-sm\" href=\"https:\/\/fiamma.restaurant\/en\/drinks-menu\/\">\n\t\t\t\t\t\t<span class=\"elementor-button-content-wrapper\">\n\t\t\t\t\t\t\t\t\t<span class=\"elementor-button-text\">View Menu<\/span>\n\t\t\t\t\t<\/span>\n\t\t\t\t\t<\/a>\n\t\t\t\t<\/div>\n\t\t\t\t\t\t\t\t<\/div>\n\t\t\t\t<\/div>\n\t\t\t\t<\/div>\n\t\t<div class=\"elementor-element elementor-element-7d94329 e-con-full e-transform e-flex e-con e-child\" data-id=\"7d94329\" data-element_type=\"container\" data-e-type=\"container\" data-settings=\"{&quot;_transform_scale_effect_hover&quot;:{&quot;unit&quot;:&quot;px&quot;,&quot;size&quot;:1.1,&quot;sizes&quot;:[]},&quot;_transform_scale_effect_hover_tablet&quot;:{&quot;unit&quot;:&quot;px&quot;,&quot;size&quot;:&quot;&quot;,&quot;sizes&quot;:[]},&quot;_transform_scale_effect_hover_mobile&quot;:{&quot;unit&quot;:&quot;px&quot;,&quot;size&quot;:&quot;&quot;,&quot;sizes&quot;:[]}}\">\n\t\t\t\t<div class=\"elementor-element elementor-element-b5e5e13 elementor-position-top elementor-widget elementor-widget-image-box\" data-id=\"b5e5e13\" data-element_type=\"widget\" data-e-type=\"widget\" data-widget_type=\"image-box.default\">\n\t\t\t\t<div class=\"elementor-widget-container\">\n\t\t\t\t\t<div class=\"elementor-image-box-wrapper\"><figure class=\"elementor-image-box-img\"><a href=\"https:\/\/fiamma.restaurant\/en\/wines\/\" tabindex=\"-1\"><img decoding=\"async\" width=\"736\" height=\"920\" src=\"https:\/\/fiamma.restaurant\/wp-content\/uploads\/2025\/09\/Cork-Copy-2-.jpg\" class=\"attachment-large size-large wp-image-4299\" alt=\"\" srcset=\"https:\/\/fiamma.restaurant\/wp-content\/uploads\/2025\/09\/Cork-Copy-2-.jpg 736w, https:\/\/fiamma.restaurant\/wp-content\/uploads\/2025\/09\/Cork-Copy-2--240x300.jpg 240w\" sizes=\"(max-width: 736px) 100vw, 736px\" \/><\/a><\/figure><div class=\"elementor-image-box-content\"><p class=\"elementor-image-box-title\"><a href=\"https:\/\/fiamma.restaurant\/en\/wines\/\">Wine Selection<\/a><\/p><\/div><\/div>\t\t\t\t<\/div>\n\t\t\t\t<\/div>\n\t\t\t\t<div class=\"elementor-element elementor-element-e85877f elementor-align-center elementor-widget elementor-widget-button\" data-id=\"e85877f\" data-element_type=\"widget\" data-e-type=\"widget\" data-widget_type=\"button.default\">\n\t\t\t\t<div class=\"elementor-widget-container\">\n\t\t\t\t\t\t\t\t\t<div class=\"elementor-button-wrapper\">\n\t\t\t\t\t<a class=\"elementor-button elementor-button-link elementor-size-sm\" href=\"https:\/\/fiamma.restaurant\/en\/wines\/\">\n\t\t\t\t\t\t<span class=\"elementor-button-content-wrapper\">\n\t\t\t\t\t\t\t\t\t<span class=\"elementor-button-text\">View Menu<\/span>\n\t\t\t\t\t<\/span>\n\t\t\t\t\t<\/a>\n\t\t\t\t<\/div>\n\t\t\t\t\t\t\t\t<\/div>\n\t\t\t\t<\/div>\n\t\t\t\t<\/div>\n\t\t\t\t<\/div>\n\t\t\t\t\t<\/div>\n\t\t\t\t<\/div>\n\t\t\t\t<\/div>\n\t\t","protected":false},"excerpt":{"rendered":"<p>Menus Welcome to Fiamma Food View Menu Cocktails &amp; Drinks View Menu Wine Selection View Menu<\/p>\n","protected":false},"author":1,"featured_media":3736,"parent":0,"menu_order":0,"comment_status":"closed","ping_status":"closed","template":"","meta":{"footnotes":""},"class_list":["post-3828","page","type-page","status-publish","has-post-thumbnail","hentry"],"yoast_head":"<!-- This site is optimized with the Yoast SEO plugin v27.2 - https:\/\/yoast.com\/product\/yoast-seo-wordpress\/ -->\n<title>Letter - Fiamma Restaurant, Tenerife<\/title>\n<meta name=\"description\" content=\"Discover our menu: authentic pizzas, pastas, and more, made with fresh ingredients and Italian flavors. Book Now!\" \/>\n<meta name=\"robots\" content=\"index, follow, max-snippet:-1, max-image-preview:large, max-video-preview:-1\" \/>\n<link rel=\"canonical\" href=\"https:\/\/fiamma.restaurant\/en\/menu\/\" \/>\n<meta property=\"og:locale\" content=\"en_US\" \/>\n<meta property=\"og:type\" content=\"article\" \/>\n<meta property=\"og:title\" content=\"Letter - Fiamma Restaurant, Tenerife\" \/>\n<meta property=\"og:description\" content=\"Discover our menu: authentic pizzas, pastas, and more, made with fresh ingredients and Italian flavors. Book Now!\" \/>\n<meta property=\"og:url\" content=\"https:\/\/fiamma.restaurant\/en\/menu\/\" \/>\n<meta property=\"og:site_name\" content=\"Fiamma Restaurant, Tenerife\" \/>\n<meta property=\"article:publisher\" content=\"https:\/\/www.facebook.com\/fiamma.tenerife.3\/?locale=es_ES\" \/>\n<meta property=\"article:modified_time\" content=\"2025-12-20T18:59:54+00:00\" \/>\n<meta property=\"og:image\" content=\"https:\/\/fiamma.restaurant\/wp-content\/uploads\/2024\/12\/6995f883d910b44d00f10358aead9482.jpg\" \/>\n\t<meta property=\"og:image:width\" content=\"468\" \/>\n\t<meta property=\"og:image:height\" content=\"453\" \/>\n\t<meta property=\"og:image:type\" content=\"image\/jpeg\" \/>\n<meta name=\"twitter:card\" content=\"summary_large_image\" \/>\n<script type=\"application\/ld+json\" class=\"yoast-schema-graph\">{\"@context\":\"https:\/\/schema.org\",\"@graph\":[{\"@type\":\"WebPage\",\"@id\":\"https:\/\/fiamma.restaurant\/en\/menu\/\",\"url\":\"https:\/\/fiamma.restaurant\/en\/menu\/\",\"name\":\"Letter - Fiamma Restaurant, Tenerife\",\"isPartOf\":{\"@id\":\"https:\/\/fiamma.restaurant\/en\/#website\"},\"primaryImageOfPage\":{\"@id\":\"https:\/\/fiamma.restaurant\/en\/menu\/#primaryimage\"},\"image\":{\"@id\":\"https:\/\/fiamma.restaurant\/en\/menu\/#primaryimage\"},\"thumbnailUrl\":\"https:\/\/fiamma.restaurant\/wp-content\/uploads\/2024\/12\/6995f883d910b44d00f10358aead9482.jpg\",\"datePublished\":\"2024-12-26T12:24:33+00:00\",\"dateModified\":\"2025-12-20T18:59:54+00:00\",\"description\":\"Discover our menu: authentic pizzas, pastas, and more, made with fresh ingredients and Italian flavors. Book Now!\",\"breadcrumb\":{\"@id\":\"https:\/\/fiamma.restaurant\/en\/menu\/#breadcrumb\"},\"inLanguage\":\"en-US\",\"potentialAction\":[{\"@type\":\"ReadAction\",\"target\":[\"https:\/\/fiamma.restaurant\/en\/menu\/\"]}]},{\"@type\":\"ImageObject\",\"inLanguage\":\"en-US\",\"@id\":\"https:\/\/fiamma.restaurant\/en\/menu\/#primaryimage\",\"url\":\"https:\/\/fiamma.restaurant\/wp-content\/uploads\/2024\/12\/6995f883d910b44d00f10358aead9482.jpg\",\"contentUrl\":\"https:\/\/fiamma.restaurant\/wp-content\/uploads\/2024\/12\/6995f883d910b44d00f10358aead9482.jpg\",\"width\":468,\"height\":453},{\"@type\":\"BreadcrumbList\",\"@id\":\"https:\/\/fiamma.restaurant\/en\/menu\/#breadcrumb\",\"itemListElement\":[{\"@type\":\"ListItem\",\"position\":1,\"name\":\"Portada\",\"item\":\"https:\/\/fiamma.restaurant\/en\/\"},{\"@type\":\"ListItem\",\"position\":2,\"name\":\"Letter\"}]},{\"@type\":\"WebSite\",\"@id\":\"https:\/\/fiamma.restaurant\/en\/#website\",\"url\":\"https:\/\/fiamma.restaurant\/en\/\",\"name\":\"Fiamma Pizzeria & Cocktail Club\",\"description\":\"Descubre Fiamma, tu restaurante italiano en Playa Las Am\u00e9ricas. Disfruta de la aut\u00e9ntica cocina italiana acompa\u00f1ado de hermosas vistas y un ambiente acogedor. \u00a1Reserva hoy y vive una experiencia gastron\u00f3mica inolvidable!\",\"publisher\":{\"@id\":\"https:\/\/fiamma.restaurant\/en\/#organization\"},\"potentialAction\":[{\"@type\":\"SearchAction\",\"target\":{\"@type\":\"EntryPoint\",\"urlTemplate\":\"https:\/\/fiamma.restaurant\/en\/?s={search_term_string}\"},\"query-input\":{\"@type\":\"PropertyValueSpecification\",\"valueRequired\":true,\"valueName\":\"search_term_string\"}}],\"inLanguage\":\"en-US\"},{\"@type\":\"Organization\",\"@id\":\"https:\/\/fiamma.restaurant\/en\/#organization\",\"name\":\"Fiamma Pizzeria & Cocktail Club\",\"url\":\"https:\/\/fiamma.restaurant\/en\/\",\"logo\":{\"@type\":\"ImageObject\",\"inLanguage\":\"en-US\",\"@id\":\"https:\/\/fiamma.restaurant\/en\/#\/schema\/logo\/image\/\",\"url\":\"https:\/\/fiamma.restaurant\/wp-content\/uploads\/2025\/06\/logo-fiamma.webp\",\"contentUrl\":\"https:\/\/fiamma.restaurant\/wp-content\/uploads\/2025\/06\/logo-fiamma.webp\",\"width\":1000,\"height\":261,\"caption\":\"Fiamma Pizzeria & Cocktail Club\"},\"image\":{\"@id\":\"https:\/\/fiamma.restaurant\/en\/#\/schema\/logo\/image\/\"},\"sameAs\":[\"https:\/\/www.facebook.com\/fiamma.tenerife.3\/?locale=es_ES\",\"https:\/\/www.instagram.com\/fiamma_restaurant\/\"]}]}<\/script>\n<!-- \/ Yoast SEO plugin. -->","yoast_head_json":{"title":"Letter - Fiamma Restaurant, Tenerife","description":"Discover our menu: authentic pizzas, pastas, and more, made with fresh ingredients and Italian flavors. Book Now!","robots":{"index":"index","follow":"follow","max-snippet":"max-snippet:-1","max-image-preview":"max-image-preview:large","max-video-preview":"max-video-preview:-1"},"canonical":"https:\/\/fiamma.restaurant\/en\/menu\/","og_locale":"en_US","og_type":"article","og_title":"Letter - Fiamma Restaurant, Tenerife","og_description":"Discover our menu: authentic pizzas, pastas, and more, made with fresh ingredients and Italian flavors. Book Now!","og_url":"https:\/\/fiamma.restaurant\/en\/menu\/","og_site_name":"Fiamma Restaurant, Tenerife","article_publisher":"https:\/\/www.facebook.com\/fiamma.tenerife.3\/?locale=es_ES","article_modified_time":"2025-12-20T18:59:54+00:00","og_image":[{"width":468,"height":453,"url":"https:\/\/fiamma.restaurant\/wp-content\/uploads\/2024\/12\/6995f883d910b44d00f10358aead9482.jpg","type":"image\/jpeg"}],"twitter_card":"summary_large_image","schema":{"@context":"https:\/\/schema.org","@graph":[{"@type":"WebPage","@id":"https:\/\/fiamma.restaurant\/en\/menu\/","url":"https:\/\/fiamma.restaurant\/en\/menu\/","name":"Letter - Fiamma Restaurant, Tenerife","isPartOf":{"@id":"https:\/\/fiamma.restaurant\/en\/#website"},"primaryImageOfPage":{"@id":"https:\/\/fiamma.restaurant\/en\/menu\/#primaryimage"},"image":{"@id":"https:\/\/fiamma.restaurant\/en\/menu\/#primaryimage"},"thumbnailUrl":"https:\/\/fiamma.restaurant\/wp-content\/uploads\/2024\/12\/6995f883d910b44d00f10358aead9482.jpg","datePublished":"2024-12-26T12:24:33+00:00","dateModified":"2025-12-20T18:59:54+00:00","description":"Discover our menu: authentic pizzas, pastas, and more, made with fresh ingredients and Italian flavors. Book Now!","breadcrumb":{"@id":"https:\/\/fiamma.restaurant\/en\/menu\/#breadcrumb"},"inLanguage":"en-US","potentialAction":[{"@type":"ReadAction","target":["https:\/\/fiamma.restaurant\/en\/menu\/"]}]},{"@type":"ImageObject","inLanguage":"en-US","@id":"https:\/\/fiamma.restaurant\/en\/menu\/#primaryimage","url":"https:\/\/fiamma.restaurant\/wp-content\/uploads\/2024\/12\/6995f883d910b44d00f10358aead9482.jpg","contentUrl":"https:\/\/fiamma.restaurant\/wp-content\/uploads\/2024\/12\/6995f883d910b44d00f10358aead9482.jpg","width":468,"height":453},{"@type":"BreadcrumbList","@id":"https:\/\/fiamma.restaurant\/en\/menu\/#breadcrumb","itemListElement":[{"@type":"ListItem","position":1,"name":"Portada","item":"https:\/\/fiamma.restaurant\/en\/"},{"@type":"ListItem","position":2,"name":"Letter"}]},{"@type":"WebSite","@id":"https:\/\/fiamma.restaurant\/en\/#website","url":"https:\/\/fiamma.restaurant\/en\/","name":"Fiamma Pizzeria & Cocktail Club","description":"Descubre Fiamma, tu restaurante italiano en Playa Las Am\u00e9ricas. Disfruta de la aut\u00e9ntica cocina italiana acompa\u00f1ado de hermosas vistas y un ambiente acogedor. \u00a1Reserva hoy y vive una experiencia gastron\u00f3mica inolvidable!","publisher":{"@id":"https:\/\/fiamma.restaurant\/en\/#organization"},"potentialAction":[{"@type":"SearchAction","target":{"@type":"EntryPoint","urlTemplate":"https:\/\/fiamma.restaurant\/en\/?s={search_term_string}"},"query-input":{"@type":"PropertyValueSpecification","valueRequired":true,"valueName":"search_term_string"}}],"inLanguage":"en-US"},{"@type":"Organization","@id":"https:\/\/fiamma.restaurant\/en\/#organization","name":"Fiamma Pizzeria & Cocktail Club","url":"https:\/\/fiamma.restaurant\/en\/","logo":{"@type":"ImageObject","inLanguage":"en-US","@id":"https:\/\/fiamma.restaurant\/en\/#\/schema\/logo\/image\/","url":"https:\/\/fiamma.restaurant\/wp-content\/uploads\/2025\/06\/logo-fiamma.webp","contentUrl":"https:\/\/fiamma.restaurant\/wp-content\/uploads\/2025\/06\/logo-fiamma.webp","width":1000,"height":261,"caption":"Fiamma Pizzeria & Cocktail Club"},"image":{"@id":"https:\/\/fiamma.restaurant\/en\/#\/schema\/logo\/image\/"},"sameAs":["https:\/\/www.facebook.com\/fiamma.tenerife.3\/?locale=es_ES","https:\/\/www.instagram.com\/fiamma_restaurant\/"]}]}},"_links":{"self":[{"href":"https:\/\/fiamma.restaurant\/en\/wp-json\/wp\/v2\/pages\/3828","targetHints":{"allow":["GET"]}}],"collection":[{"href":"https:\/\/fiamma.restaurant\/en\/wp-json\/wp\/v2\/pages"}],"about":[{"href":"https:\/\/fiamma.restaurant\/en\/wp-json\/wp\/v2\/types\/page"}],"author":[{"embeddable":true,"href":"https:\/\/fiamma.restaurant\/en\/wp-json\/wp\/v2\/users\/1"}],"replies":[{"embeddable":true,"href":"https:\/\/fiamma.restaurant\/en\/wp-json\/wp\/v2\/comments?post=3828"}],"version-history":[{"count":14,"href":"https:\/\/fiamma.restaurant\/en\/wp-json\/wp\/v2\/pages\/3828\/revisions"}],"predecessor-version":[{"id":5044,"href":"https:\/\/fiamma.restaurant\/en\/wp-json\/wp\/v2\/pages\/3828\/revisions\/5044"}],"wp:featuredmedia":[{"embeddable":true,"href":"https:\/\/fiamma.restaurant\/en\/wp-json\/wp\/v2\/media\/3736"}],"wp:attachment":[{"href":"https:\/\/fiamma.restaurant\/en\/wp-json\/wp\/v2\/media?parent=3828"}],"curies":[{"name":"wp","href":"https:\/\/api.w.org\/{rel}","templated":true}]}}