{"id":3824,"date":"2024-12-26T13:04:32","date_gmt":"2024-12-26T13:04:32","guid":{"rendered":"https:\/\/fiamma.restaurant\/who-we-are\/"},"modified":"2025-12-24T14:51:15","modified_gmt":"2025-12-24T14:51:15","slug":"who-we-are","status":"publish","type":"page","link":"https:\/\/fiamma.restaurant\/en\/who-we-are\/","title":{"rendered":"About us"},"content":{"rendered":"\t\t<div data-elementor-type=\"wp-page\" data-elementor-id=\"3824\" class=\"elementor elementor-3824 elementor-2371\" data-elementor-post-type=\"page\">\n\t\t\t\t<div class=\"elementor-element elementor-element-bf65ec6 e-con-full e-flex e-con e-parent\" data-id=\"bf65ec6\" data-element_type=\"container\" data-e-type=\"container\" data-settings=\"{&quot;background_background&quot;:&quot;classic&quot;}\">\n\t\t<div class=\"elementor-element elementor-element-6ef2922 e-flex e-con-boxed e-con e-child\" data-id=\"6ef2922\" data-element_type=\"container\" data-e-type=\"container\">\n\t\t\t\t\t<div class=\"e-con-inner\">\n\t\t\t\t<div class=\"elementor-element elementor-element-386325d elementor-widget elementor-widget-heading\" data-id=\"386325d\" data-element_type=\"widget\" data-e-type=\"widget\" data-widget_type=\"heading.default\">\n\t\t\t\t<div class=\"elementor-widget-container\">\n\t\t\t\t\t<h1 class=\"elementor-heading-title elementor-size-default\">Our story<\/h1>\t\t\t\t<\/div>\n\t\t\t\t<\/div>\n\t\t\t\t\t<\/div>\n\t\t\t\t<\/div>\n\t\t\t\t<div class=\"elementor-element elementor-element-2af1f2f elementor-widget elementor-widget-heading\" data-id=\"2af1f2f\" data-element_type=\"widget\" data-e-type=\"widget\" data-widget_type=\"heading.default\">\n\t\t\t\t<div class=\"elementor-widget-container\">\n\t\t\t\t\t<h2 class=\"elementor-heading-title elementor-size-default\">Fiamma Restaurant<\/h2>\t\t\t\t<\/div>\n\t\t\t\t<\/div>\n\t\t<div class=\"elementor-element elementor-element-952b9ba e-con-full e-flex e-con e-child\" data-id=\"952b9ba\" data-element_type=\"container\" data-e-type=\"container\">\n\t\t\t\t<div class=\"elementor-element elementor-element-09c551c elementor-widget elementor-widget-button\" data-id=\"09c551c\" data-element_type=\"widget\" data-e-type=\"widget\" data-widget_type=\"button.default\">\n\t\t\t\t<div class=\"elementor-widget-container\">\n\t\t\t\t\t\t\t\t\t<div class=\"elementor-button-wrapper\">\n\t\t\t\t\t<a class=\"elementor-button elementor-button-link elementor-size-sm\" href=\"https:\/\/octotable.com\/book\/restaurant\/1001070\/booking\/new\" aria-label=\"Reservar mesa\">\n\t\t\t\t\t\t<span class=\"elementor-button-content-wrapper\">\n\t\t\t\t\t\t\t\t\t<span class=\"elementor-button-text\">Book Now<\/span>\n\t\t\t\t\t<\/span>\n\t\t\t\t\t<\/a>\n\t\t\t\t<\/div>\n\t\t\t\t\t\t\t\t<\/div>\n\t\t\t\t<\/div>\n\t\t\t\t<div class=\"elementor-element elementor-element-b01dda5 elementor-widget elementor-widget-button\" data-id=\"b01dda5\" data-element_type=\"widget\" data-e-type=\"widget\" data-widget_type=\"button.default\">\n\t\t\t\t<div class=\"elementor-widget-container\">\n\t\t\t\t\t\t\t\t\t<div class=\"elementor-button-wrapper\">\n\t\t\t\t\t<a class=\"elementor-button elementor-button-link elementor-size-sm\" href=\"https:\/\/fiamma.restaurant\/en\/menu\/\" aria-label=\"Leer m\u00e1s sobre el men\u00fa\">\n\t\t\t\t\t\t<span class=\"elementor-button-content-wrapper\">\n\t\t\t\t\t\t\t\t\t<span class=\"elementor-button-text\">View Menu<\/span>\n\t\t\t\t\t<\/span>\n\t\t\t\t\t<\/a>\n\t\t\t\t<\/div>\n\t\t\t\t\t\t\t\t<\/div>\n\t\t\t\t<\/div>\n\t\t\t\t<\/div>\n\t\t\t\t<\/div>\n\t\t<div class=\"elementor-element elementor-element-9cc1904 e-con-full e-flex e-con e-parent\" data-id=\"9cc1904\" data-element_type=\"container\" data-e-type=\"container\">\n\t\t<div class=\"elementor-element elementor-element-5ce6527 e-con-full e-flex e-con e-child\" data-id=\"5ce6527\" data-element_type=\"container\" data-e-type=\"container\">\n\t\t\t\t<div class=\"elementor-element elementor-element-015e06e elementor-widget elementor-widget-text-editor\" data-id=\"015e06e\" data-element_type=\"widget\" data-e-type=\"widget\" data-widget_type=\"text-editor.default\">\n\t\t\t\t<div class=\"elementor-widget-container\">\n\t\t\t\t\t\t\t\t\t<p>Imagine a place where the vibrant pulse of Costa Adeje -Las Am\u00e9ricas meets the rich traditions of Italian cuisine and the cosmopolitan style of London cocktails. Nestled in the heart of this dynamic location, our restaurant invites you on an unparalleled sensory journey. Here, under the warm Tenerife sun and amidst the bustling energy of our privileged location, we offer you a gastronomic experience.<\/p><p>In the vibrant pulse of Costa Adeje-Las Am\u00e9ricas, where the sun-drenched coasts meet the lively heart of Tenerife, lies a culinary gem that promises more than a meal: it offers an unforgettable experience. Situated in the most dynamic corner of this bustling town, our restaurant draws you in with an ambiance that effortlessly blends the charm of Italy with the cosmopolitan style of London.<\/p><p>In our restaurant, we embrace the art of slow food, savoring the time it takes to prepare each dish with love and attention. Our menu is a celebration of the best of Italy, with ingredients grown in the sunny hills of Tuscany and beyond. We pair them with exquisite cocktails, each with its own story, inspired by the best mixology traditions of London. Here we don&#8217;t just serve food: we share experiences, a slice of life that is unparalleled anywhere else.<\/p>\t\t\t\t\t\t\t\t<\/div>\n\t\t\t\t<\/div>\n\t\t\t\t<\/div>\n\t\t\t\t<\/div>\n\t\t\t\t<\/div>\n\t\t","protected":false},"excerpt":{"rendered":"<p>Our story Fiamma Restaurant Book Now View Menu Imagine a place where the vibrant pulse of Costa Adeje -Las Am\u00e9ricas meets the rich traditions of Italian cuisine and the cosmopolitan style of London cocktails. Nestled in the heart of this dynamic location, our restaurant invites you on an unparalleled sensory journey. Here, under the warm [&hellip;]<\/p>\n","protected":false},"author":1,"featured_media":3746,"parent":0,"menu_order":0,"comment_status":"closed","ping_status":"closed","template":"","meta":{"footnotes":""},"class_list":["post-3824","page","type-page","status-publish","has-post-thumbnail","hentry"],"yoast_head":"<!-- This site is optimized with the Yoast SEO plugin v27.2 - https:\/\/yoast.com\/product\/yoast-seo-wordpress\/ -->\n<title>About us - Fiamma Restaurant, Tenerife<\/title>\n<meta name=\"description\" content=\"Experience something unique in Costa Adeje-Las Am\u00e9ricas: authentic Italian cuisine, signature cocktails, and a cosmopolitan atmosphere in Tenerife.\" \/>\n<meta name=\"robots\" content=\"index, follow, max-snippet:-1, max-image-preview:large, max-video-preview:-1\" \/>\n<link rel=\"canonical\" href=\"https:\/\/fiamma.restaurant\/en\/who-we-are\/\" \/>\n<meta property=\"og:locale\" content=\"en_US\" \/>\n<meta property=\"og:type\" content=\"article\" \/>\n<meta property=\"og:title\" content=\"About us - Fiamma Restaurant, Tenerife\" \/>\n<meta property=\"og:description\" content=\"Experience something unique in Costa Adeje-Las Am\u00e9ricas: authentic Italian cuisine, signature cocktails, and a cosmopolitan atmosphere in Tenerife.\" \/>\n<meta property=\"og:url\" content=\"https:\/\/fiamma.restaurant\/en\/who-we-are\/\" \/>\n<meta property=\"og:site_name\" content=\"Fiamma Restaurant, Tenerife\" \/>\n<meta property=\"article:publisher\" content=\"https:\/\/www.facebook.com\/fiamma.tenerife.3\/?locale=es_ES\" \/>\n<meta property=\"article:modified_time\" content=\"2025-12-24T14:51:15+00:00\" \/>\n<meta property=\"og:image\" content=\"https:\/\/fiamma.restaurant\/wp-content\/uploads\/2024\/12\/pexels-shvetsa-5953531.jpg\" \/>\n\t<meta property=\"og:image:width\" content=\"802\" \/>\n\t<meta property=\"og:image:height\" content=\"506\" \/>\n\t<meta property=\"og:image:type\" content=\"image\/jpeg\" \/>\n<meta name=\"twitter:card\" content=\"summary_large_image\" \/>\n<meta name=\"twitter:label1\" content=\"Est. reading time\" \/>\n\t<meta name=\"twitter:data1\" content=\"1 minute\" \/>\n<script type=\"application\/ld+json\" class=\"yoast-schema-graph\">{\"@context\":\"https:\/\/schema.org\",\"@graph\":[{\"@type\":\"WebPage\",\"@id\":\"https:\/\/fiamma.restaurant\/en\/who-we-are\/\",\"url\":\"https:\/\/fiamma.restaurant\/en\/who-we-are\/\",\"name\":\"About us - Fiamma Restaurant, Tenerife\",\"isPartOf\":{\"@id\":\"https:\/\/fiamma.restaurant\/en\/#website\"},\"primaryImageOfPage\":{\"@id\":\"https:\/\/fiamma.restaurant\/en\/who-we-are\/#primaryimage\"},\"image\":{\"@id\":\"https:\/\/fiamma.restaurant\/en\/who-we-are\/#primaryimage\"},\"thumbnailUrl\":\"https:\/\/fiamma.restaurant\/wp-content\/uploads\/2024\/12\/pexels-shvetsa-5953531.jpg\",\"datePublished\":\"2024-12-26T13:04:32+00:00\",\"dateModified\":\"2025-12-24T14:51:15+00:00\",\"description\":\"Experience something unique in Costa Adeje-Las Am\u00e9ricas: authentic Italian cuisine, signature cocktails, and a cosmopolitan atmosphere in Tenerife.\",\"breadcrumb\":{\"@id\":\"https:\/\/fiamma.restaurant\/en\/who-we-are\/#breadcrumb\"},\"inLanguage\":\"en-US\",\"potentialAction\":[{\"@type\":\"ReadAction\",\"target\":[\"https:\/\/fiamma.restaurant\/en\/who-we-are\/\"]}]},{\"@type\":\"ImageObject\",\"inLanguage\":\"en-US\",\"@id\":\"https:\/\/fiamma.restaurant\/en\/who-we-are\/#primaryimage\",\"url\":\"https:\/\/fiamma.restaurant\/wp-content\/uploads\/2024\/12\/pexels-shvetsa-5953531.jpg\",\"contentUrl\":\"https:\/\/fiamma.restaurant\/wp-content\/uploads\/2024\/12\/pexels-shvetsa-5953531.jpg\",\"width\":802,\"height\":506},{\"@type\":\"BreadcrumbList\",\"@id\":\"https:\/\/fiamma.restaurant\/en\/who-we-are\/#breadcrumb\",\"itemListElement\":[{\"@type\":\"ListItem\",\"position\":1,\"name\":\"Portada\",\"item\":\"https:\/\/fiamma.restaurant\/en\/\"},{\"@type\":\"ListItem\",\"position\":2,\"name\":\"About us\"}]},{\"@type\":\"WebSite\",\"@id\":\"https:\/\/fiamma.restaurant\/en\/#website\",\"url\":\"https:\/\/fiamma.restaurant\/en\/\",\"name\":\"Fiamma Pizzeria & Cocktail Club\",\"description\":\"Descubre Fiamma, tu restaurante italiano en Playa Las Am\u00e9ricas. Disfruta de la aut\u00e9ntica cocina italiana acompa\u00f1ado de hermosas vistas y un ambiente acogedor. \u00a1Reserva hoy y vive una experiencia gastron\u00f3mica inolvidable!\",\"publisher\":{\"@id\":\"https:\/\/fiamma.restaurant\/en\/#organization\"},\"potentialAction\":[{\"@type\":\"SearchAction\",\"target\":{\"@type\":\"EntryPoint\",\"urlTemplate\":\"https:\/\/fiamma.restaurant\/en\/?s={search_term_string}\"},\"query-input\":{\"@type\":\"PropertyValueSpecification\",\"valueRequired\":true,\"valueName\":\"search_term_string\"}}],\"inLanguage\":\"en-US\"},{\"@type\":\"Organization\",\"@id\":\"https:\/\/fiamma.restaurant\/en\/#organization\",\"name\":\"Fiamma Pizzeria & Cocktail Club\",\"url\":\"https:\/\/fiamma.restaurant\/en\/\",\"logo\":{\"@type\":\"ImageObject\",\"inLanguage\":\"en-US\",\"@id\":\"https:\/\/fiamma.restaurant\/en\/#\/schema\/logo\/image\/\",\"url\":\"https:\/\/fiamma.restaurant\/wp-content\/uploads\/2025\/06\/logo-fiamma.webp\",\"contentUrl\":\"https:\/\/fiamma.restaurant\/wp-content\/uploads\/2025\/06\/logo-fiamma.webp\",\"width\":1000,\"height\":261,\"caption\":\"Fiamma Pizzeria & Cocktail Club\"},\"image\":{\"@id\":\"https:\/\/fiamma.restaurant\/en\/#\/schema\/logo\/image\/\"},\"sameAs\":[\"https:\/\/www.facebook.com\/fiamma.tenerife.3\/?locale=es_ES\",\"https:\/\/www.instagram.com\/fiamma_restaurant\/\"]}]}<\/script>\n<!-- \/ Yoast SEO plugin. -->","yoast_head_json":{"title":"About us - Fiamma Restaurant, Tenerife","description":"Experience something unique in Costa Adeje-Las Am\u00e9ricas: authentic Italian cuisine, signature cocktails, and a cosmopolitan atmosphere in Tenerife.","robots":{"index":"index","follow":"follow","max-snippet":"max-snippet:-1","max-image-preview":"max-image-preview:large","max-video-preview":"max-video-preview:-1"},"canonical":"https:\/\/fiamma.restaurant\/en\/who-we-are\/","og_locale":"en_US","og_type":"article","og_title":"About us - Fiamma Restaurant, Tenerife","og_description":"Experience something unique in Costa Adeje-Las Am\u00e9ricas: authentic Italian cuisine, signature cocktails, and a cosmopolitan atmosphere in Tenerife.","og_url":"https:\/\/fiamma.restaurant\/en\/who-we-are\/","og_site_name":"Fiamma Restaurant, Tenerife","article_publisher":"https:\/\/www.facebook.com\/fiamma.tenerife.3\/?locale=es_ES","article_modified_time":"2025-12-24T14:51:15+00:00","og_image":[{"width":802,"height":506,"url":"https:\/\/fiamma.restaurant\/wp-content\/uploads\/2024\/12\/pexels-shvetsa-5953531.jpg","type":"image\/jpeg"}],"twitter_card":"summary_large_image","twitter_misc":{"Est. reading time":"1 minute"},"schema":{"@context":"https:\/\/schema.org","@graph":[{"@type":"WebPage","@id":"https:\/\/fiamma.restaurant\/en\/who-we-are\/","url":"https:\/\/fiamma.restaurant\/en\/who-we-are\/","name":"About us - Fiamma Restaurant, Tenerife","isPartOf":{"@id":"https:\/\/fiamma.restaurant\/en\/#website"},"primaryImageOfPage":{"@id":"https:\/\/fiamma.restaurant\/en\/who-we-are\/#primaryimage"},"image":{"@id":"https:\/\/fiamma.restaurant\/en\/who-we-are\/#primaryimage"},"thumbnailUrl":"https:\/\/fiamma.restaurant\/wp-content\/uploads\/2024\/12\/pexels-shvetsa-5953531.jpg","datePublished":"2024-12-26T13:04:32+00:00","dateModified":"2025-12-24T14:51:15+00:00","description":"Experience something unique in Costa Adeje-Las Am\u00e9ricas: authentic Italian cuisine, signature cocktails, and a cosmopolitan atmosphere in Tenerife.","breadcrumb":{"@id":"https:\/\/fiamma.restaurant\/en\/who-we-are\/#breadcrumb"},"inLanguage":"en-US","potentialAction":[{"@type":"ReadAction","target":["https:\/\/fiamma.restaurant\/en\/who-we-are\/"]}]},{"@type":"ImageObject","inLanguage":"en-US","@id":"https:\/\/fiamma.restaurant\/en\/who-we-are\/#primaryimage","url":"https:\/\/fiamma.restaurant\/wp-content\/uploads\/2024\/12\/pexels-shvetsa-5953531.jpg","contentUrl":"https:\/\/fiamma.restaurant\/wp-content\/uploads\/2024\/12\/pexels-shvetsa-5953531.jpg","width":802,"height":506},{"@type":"BreadcrumbList","@id":"https:\/\/fiamma.restaurant\/en\/who-we-are\/#breadcrumb","itemListElement":[{"@type":"ListItem","position":1,"name":"Portada","item":"https:\/\/fiamma.restaurant\/en\/"},{"@type":"ListItem","position":2,"name":"About us"}]},{"@type":"WebSite","@id":"https:\/\/fiamma.restaurant\/en\/#website","url":"https:\/\/fiamma.restaurant\/en\/","name":"Fiamma Pizzeria & Cocktail Club","description":"Descubre Fiamma, tu restaurante italiano en Playa Las Am\u00e9ricas. Disfruta de la aut\u00e9ntica cocina italiana acompa\u00f1ado de hermosas vistas y un ambiente acogedor. \u00a1Reserva hoy y vive una experiencia gastron\u00f3mica inolvidable!","publisher":{"@id":"https:\/\/fiamma.restaurant\/en\/#organization"},"potentialAction":[{"@type":"SearchAction","target":{"@type":"EntryPoint","urlTemplate":"https:\/\/fiamma.restaurant\/en\/?s={search_term_string}"},"query-input":{"@type":"PropertyValueSpecification","valueRequired":true,"valueName":"search_term_string"}}],"inLanguage":"en-US"},{"@type":"Organization","@id":"https:\/\/fiamma.restaurant\/en\/#organization","name":"Fiamma Pizzeria & Cocktail Club","url":"https:\/\/fiamma.restaurant\/en\/","logo":{"@type":"ImageObject","inLanguage":"en-US","@id":"https:\/\/fiamma.restaurant\/en\/#\/schema\/logo\/image\/","url":"https:\/\/fiamma.restaurant\/wp-content\/uploads\/2025\/06\/logo-fiamma.webp","contentUrl":"https:\/\/fiamma.restaurant\/wp-content\/uploads\/2025\/06\/logo-fiamma.webp","width":1000,"height":261,"caption":"Fiamma Pizzeria & Cocktail Club"},"image":{"@id":"https:\/\/fiamma.restaurant\/en\/#\/schema\/logo\/image\/"},"sameAs":["https:\/\/www.facebook.com\/fiamma.tenerife.3\/?locale=es_ES","https:\/\/www.instagram.com\/fiamma_restaurant\/"]}]}},"_links":{"self":[{"href":"https:\/\/fiamma.restaurant\/en\/wp-json\/wp\/v2\/pages\/3824","targetHints":{"allow":["GET"]}}],"collection":[{"href":"https:\/\/fiamma.restaurant\/en\/wp-json\/wp\/v2\/pages"}],"about":[{"href":"https:\/\/fiamma.restaurant\/en\/wp-json\/wp\/v2\/types\/page"}],"author":[{"embeddable":true,"href":"https:\/\/fiamma.restaurant\/en\/wp-json\/wp\/v2\/users\/1"}],"replies":[{"embeddable":true,"href":"https:\/\/fiamma.restaurant\/en\/wp-json\/wp\/v2\/comments?post=3824"}],"version-history":[{"count":15,"href":"https:\/\/fiamma.restaurant\/en\/wp-json\/wp\/v2\/pages\/3824\/revisions"}],"predecessor-version":[{"id":5097,"href":"https:\/\/fiamma.restaurant\/en\/wp-json\/wp\/v2\/pages\/3824\/revisions\/5097"}],"wp:featuredmedia":[{"embeddable":true,"href":"https:\/\/fiamma.restaurant\/en\/wp-json\/wp\/v2\/media\/3746"}],"wp:attachment":[{"href":"https:\/\/fiamma.restaurant\/en\/wp-json\/wp\/v2\/media?parent=3824"}],"curies":[{"name":"wp","href":"https:\/\/api.w.org\/{rel}","templated":true}]}}